{"id":393,"date":"2025-06-28T16:22:18","date_gmt":"2025-06-28T16:22:18","guid":{"rendered":"https:\/\/www.monzacamper.it\/shop\/?product=luce-ingombro-bifacciale-2"},"modified":"2026-05-11T01:37:52","modified_gmt":"2026-05-11T00:37:52","slug":"luce-ingombro-bifacciale-2","status":"publish","type":"product","link":"https:\/\/www.monzacamper.it\/shop\/prodotto\/luce-ingombro-bifacciale-2\/","title":{"rendered":"Luce ingombro bifacciale"},"content":{"rendered":"<p>La luce ingombro bifacciale \u00e8 un accessorio indispensabile per la sicurezza di camper e caravan. Progettata per aumentare la visibilit\u00e0 del veicolo, questa luce di segnalazione indica chiaramente le dimensioni laterali del mezzo. \u00c8 cruciale per prevenire incidenti su strada e durante le soste notturne, garantendo una maggiore tranquillit\u00e0<\/p>\n<p><em>Scopri anche: <a href=\"https:\/\/www.monzacamper.it\/shop\/prodotto\/base-girevole-transit-2014-v362-v363-passeggero\/\">Base girevole Transit \u2022 2014 &gt; \u2022 V362-V363 passeggero<\/a>, <a href=\"https:\/\/www.monzacamper.it\/shop\/prodotto\/push-lock-bilaterale-bianco-ganci-blister\/\">Push-Lock bilaterale bianco \u2022 ganci \u2022 blister<\/a>.<\/em><\/p>\n","protected":false},"excerpt":{"rendered":"<p>La luce ingombro bifacciale \u00e8 un accessorio indispensabile per la sicurezza di camper e caravan. Progettata per aumentare la visibilit\u00e0 del veicolo, questa luce di segnalazione indica chiaramente le dimensioni laterali del mezzo. \u00c8 cruciale per prevenire incidenti su strada e durante le soste notturne, garantendo una maggiore tranquillit\u00e0 Scopri anche: Base girevole Transit \u2022 [&hellip;]<\/p>\n","protected":false},"featured_media":2982,"template":"","meta":[],"product_brand":[],"product_cat":[15],"product_tag":[],"class_list":{"0":"post-393","1":"product","2":"type-product","3":"status-publish","4":"has-post-thumbnail","6":"product_cat-senza-categoria","7":"product_shipping_class-peso-fino-2kg","9":"first","10":"instock","11":"taxable","12":"shipping-taxable","13":"purchasable","14":"product-type-simple"},"_links":{"self":[{"href":"https:\/\/www.monzacamper.it\/shop\/wp-json\/wp\/v2\/product\/393","targetHints":{"allow":["GET"]}}],"collection":[{"href":"https:\/\/www.monzacamper.it\/shop\/wp-json\/wp\/v2\/product"}],"about":[{"href":"https:\/\/www.monzacamper.it\/shop\/wp-json\/wp\/v2\/types\/product"}],"wp:featuredmedia":[{"embeddable":true,"href":"https:\/\/www.monzacamper.it\/shop\/wp-json\/wp\/v2\/media\/2982"}],"wp:attachment":[{"href":"https:\/\/www.monzacamper.it\/shop\/wp-json\/wp\/v2\/media?parent=393"}],"wp:term":[{"taxonomy":"product_brand","embeddable":true,"href":"https:\/\/www.monzacamper.it\/shop\/wp-json\/wp\/v2\/product_brand?post=393"},{"taxonomy":"product_cat","embeddable":true,"href":"https:\/\/www.monzacamper.it\/shop\/wp-json\/wp\/v2\/product_cat?post=393"},{"taxonomy":"product_tag","embeddable":true,"href":"https:\/\/www.monzacamper.it\/shop\/wp-json\/wp\/v2\/product_tag?post=393"}],"curies":[{"name":"wp","href":"https:\/\/api.w.org\/{rel}","templated":true}]}}