{"id":383,"date":"2025-06-28T16:22:15","date_gmt":"2025-06-28T16:22:15","guid":{"rendered":"https:\/\/www.monzacamper.it\/shop\/?product=luce-ingombro-arancio-rettangalore"},"modified":"2026-05-11T01:37:53","modified_gmt":"2026-05-11T00:37:53","slug":"luce-ingombro-arancio-rettangalore","status":"publish","type":"product","link":"https:\/\/www.monzacamper.it\/shop\/prodotto\/luce-ingombro-arancio-rettangalore\/","title":{"rendered":"Luce ingombro arancio rettangalore"},"content":{"rendered":"<p>La luce ingombro arancio rettangolare \u00e8 un accessorio fondamentale per la sicurezza di camper e caravan. La sua funzione \u00e8 segnalare chiaramente la sagoma del veicolo, essenziale in condizioni di scarsa visibilit\u00e0 o durante la notte. Questo dispositivo di segnalazione passiva, conforme alle normative stradali, migliora la percezione del mezzo,<\/p>\n<p><em>Scopri anche: <a href=\"https:\/\/www.monzacamper.it\/shop\/prodotto\/telecomando-kathrein-cap610-710-910\/\">Telecomando Kathrein CAP610\/710\/910<\/a>, <a href=\"https:\/\/www.monzacamper.it\/shop\/prodotto\/catena-da-neve-import-nr-220\/\">Catena da neve import nr. 220<\/a>.<\/em><\/p>\n","protected":false},"excerpt":{"rendered":"<p>La luce ingombro arancio rettangolare \u00e8 un accessorio fondamentale per la sicurezza di camper e caravan. La sua funzione \u00e8 segnalare chiaramente la sagoma del veicolo, essenziale in condizioni di scarsa visibilit\u00e0 o durante la notte. Questo dispositivo di segnalazione passiva, conforme alle normative stradali, migliora la percezione del mezzo, Scopri anche: Telecomando Kathrein CAP610\/710\/910, [&hellip;]<\/p>\n","protected":false},"featured_media":3003,"template":"","meta":[],"product_brand":[],"product_cat":[15],"product_tag":[],"class_list":{"0":"post-383","1":"product","2":"type-product","3":"status-publish","4":"has-post-thumbnail","6":"product_cat-senza-categoria","7":"product_shipping_class-peso-fino-2kg","9":"first","10":"instock","11":"taxable","12":"shipping-taxable","13":"purchasable","14":"product-type-simple"},"_links":{"self":[{"href":"https:\/\/www.monzacamper.it\/shop\/wp-json\/wp\/v2\/product\/383","targetHints":{"allow":["GET"]}}],"collection":[{"href":"https:\/\/www.monzacamper.it\/shop\/wp-json\/wp\/v2\/product"}],"about":[{"href":"https:\/\/www.monzacamper.it\/shop\/wp-json\/wp\/v2\/types\/product"}],"wp:featuredmedia":[{"embeddable":true,"href":"https:\/\/www.monzacamper.it\/shop\/wp-json\/wp\/v2\/media\/3003"}],"wp:attachment":[{"href":"https:\/\/www.monzacamper.it\/shop\/wp-json\/wp\/v2\/media?parent=383"}],"wp:term":[{"taxonomy":"product_brand","embeddable":true,"href":"https:\/\/www.monzacamper.it\/shop\/wp-json\/wp\/v2\/product_brand?post=383"},{"taxonomy":"product_cat","embeddable":true,"href":"https:\/\/www.monzacamper.it\/shop\/wp-json\/wp\/v2\/product_cat?post=383"},{"taxonomy":"product_tag","embeddable":true,"href":"https:\/\/www.monzacamper.it\/shop\/wp-json\/wp\/v2\/product_tag?post=383"}],"curies":[{"name":"wp","href":"https:\/\/api.w.org\/{rel}","templated":true}]}}