{"id":381,"date":"2025-06-28T16:22:14","date_gmt":"2025-06-28T16:22:14","guid":{"rendered":"https:\/\/www.monzacamper.it\/shop\/?product=luce-ingombro-ovale-arancio"},"modified":"2026-05-10T01:37:34","modified_gmt":"2026-05-10T00:37:34","slug":"luce-ingombro-ovale-arancio","status":"publish","type":"product","link":"https:\/\/www.monzacamper.it\/shop\/prodotto\/luce-ingombro-ovale-arancio\/","title":{"rendered":"Luce ingombro ovale arancio"},"content":{"rendered":"<p>La Luce ingombro ovale arancio \u00e8 un componente essenziale per la sicurezza e la conformit\u00e0 stradale di camper, caravan e altri veicoli ricreazionali. Questo accessorio di segnalazione, dalla forma ovale e colorazione arancio, \u00e8 progettato per aumentare la visibilit\u00e0 del mezzo, specialmente in condizioni di scarsa luminosit\u00e0 o durante le manovre.<\/p>\n<p><em>Scopri anche: <a href=\"https:\/\/www.monzacamper.it\/shop\/prodotto\/oscurante-bianco-700-x-600-seitz-s3-s4\/\">Oscurante bianco \u2022 700 x 600 \u2022 SEITZ S3\/S4<\/a>, <a href=\"https:\/\/www.monzacamper.it\/shop\/prodotto\/guanti-da-lavoro-professionali-l\/\">Guanti da lavoro professionali \u2022 L<\/a>.<\/em><\/p>\n","protected":false},"excerpt":{"rendered":"<p>La Luce ingombro ovale arancio \u00e8 un componente essenziale per la sicurezza e la conformit\u00e0 stradale di camper, caravan e altri veicoli ricreazionali. Questo accessorio di segnalazione, dalla forma ovale e colorazione arancio, \u00e8 progettato per aumentare la visibilit\u00e0 del mezzo, specialmente in condizioni di scarsa luminosit\u00e0 o durante le manovre. Scopri anche: Oscurante bianco [&hellip;]<\/p>\n","protected":false},"featured_media":3026,"template":"","meta":[],"product_brand":[],"product_cat":[15],"product_tag":[],"class_list":{"0":"post-381","1":"product","2":"type-product","3":"status-publish","4":"has-post-thumbnail","6":"product_cat-senza-categoria","7":"product_shipping_class-peso-fino-2kg","9":"first","10":"instock","11":"taxable","12":"shipping-taxable","13":"purchasable","14":"product-type-simple"},"_links":{"self":[{"href":"https:\/\/www.monzacamper.it\/shop\/wp-json\/wp\/v2\/product\/381","targetHints":{"allow":["GET"]}}],"collection":[{"href":"https:\/\/www.monzacamper.it\/shop\/wp-json\/wp\/v2\/product"}],"about":[{"href":"https:\/\/www.monzacamper.it\/shop\/wp-json\/wp\/v2\/types\/product"}],"wp:featuredmedia":[{"embeddable":true,"href":"https:\/\/www.monzacamper.it\/shop\/wp-json\/wp\/v2\/media\/3026"}],"wp:attachment":[{"href":"https:\/\/www.monzacamper.it\/shop\/wp-json\/wp\/v2\/media?parent=381"}],"wp:term":[{"taxonomy":"product_brand","embeddable":true,"href":"https:\/\/www.monzacamper.it\/shop\/wp-json\/wp\/v2\/product_brand?post=381"},{"taxonomy":"product_cat","embeddable":true,"href":"https:\/\/www.monzacamper.it\/shop\/wp-json\/wp\/v2\/product_cat?post=381"},{"taxonomy":"product_tag","embeddable":true,"href":"https:\/\/www.monzacamper.it\/shop\/wp-json\/wp\/v2\/product_tag?post=381"}],"curies":[{"name":"wp","href":"https:\/\/api.w.org\/{rel}","templated":true}]}}