{"id":3644,"date":"2025-07-21T16:42:47","date_gmt":"2025-07-21T16:42:47","guid":{"rendered":"https:\/\/www.monzacamper.it\/shop\/prodotto\/cartello-carichi-sporgenti-zebra-pl\/"},"modified":"2026-05-10T01:37:28","modified_gmt":"2026-05-10T00:37:28","slug":"cartello-carichi-sporgenti-zebra-pl","status":"publish","type":"product","link":"https:\/\/www.monzacamper.it\/shop\/prodotto\/cartello-carichi-sporgenti-zebra-pl\/","title":{"rendered":"Cartello carichi sporgenti Zebra PL"},"content":{"rendered":"<p>Il Cartello carichi sporgenti Zebra PL \u00e8 un accessorio indispensabile per i viaggi in camper o caravan. Progettato per segnalare in modo chiaro e conforme i carichi che eccedono la sagoma del veicolo, come portabici o tavole. Garantisce la visibilit\u00e0 necessaria, contribuendo a un viaggio pi\u00f9 sereno e in linea con le normative. Un elemento chiave per la sicurezza passiva del veicolo ricreazionale.<\/p>\n<p>Realizzato con materiali robusti e resistenti agli agenti atmosferici, il Cartello carichi sporgenti Zebra PL offre durabilit\u00e0 prolungata. La sua struttura \u00e8 pensata per resistere a vento, pioggia e raggi UV, mantenendo inalterate le propriet\u00e0 rif<\/p>\n<p><em>Scopri anche: <a href=\"https:\/\/www.monzacamper.it\/shop\/categoria-prodotto\/esterno\/\">ESTERNO<\/a>, <a href=\"https:\/\/www.monzacamper.it\/shop\/prodotto\/pompa-doppia-azione-whisper\/\">Pompa doppia azione Whisper<\/a>, <a href=\"https:\/\/www.monzacamper.it\/shop\/prodotto\/scala-telescopica-laddy-alcove\/\">Scala telescopica Laddy Alcove<\/a>.<\/em><\/p>\n","protected":false},"excerpt":{"rendered":"<p>Il Cartello carichi sporgenti Zebra PL \u00e8 un accessorio indispensabile per i viaggi in camper o caravan. Progettato per segnalare in modo chiaro e conforme i carichi che eccedono la sagoma del veicolo, come portabici o tavole. Garantisce la visibilit\u00e0 necessaria, contribuendo a un viaggio pi\u00f9 sereno e in linea con le normative. Un elemento [&hellip;]<\/p>\n","protected":false},"featured_media":4189,"template":"","meta":[],"product_brand":[587],"product_cat":[589],"product_tag":[],"class_list":{"0":"post-3644","1":"product","2":"type-product","3":"status-publish","4":"has-post-thumbnail","6":"product_brand-brunner","7":"product_cat-esterno","9":"first","10":"instock","11":"taxable","12":"shipping-taxable","13":"purchasable","14":"product-type-simple"},"_links":{"self":[{"href":"https:\/\/www.monzacamper.it\/shop\/wp-json\/wp\/v2\/product\/3644","targetHints":{"allow":["GET"]}}],"collection":[{"href":"https:\/\/www.monzacamper.it\/shop\/wp-json\/wp\/v2\/product"}],"about":[{"href":"https:\/\/www.monzacamper.it\/shop\/wp-json\/wp\/v2\/types\/product"}],"wp:featuredmedia":[{"embeddable":true,"href":"https:\/\/www.monzacamper.it\/shop\/wp-json\/wp\/v2\/media\/4189"}],"wp:attachment":[{"href":"https:\/\/www.monzacamper.it\/shop\/wp-json\/wp\/v2\/media?parent=3644"}],"wp:term":[{"taxonomy":"product_brand","embeddable":true,"href":"https:\/\/www.monzacamper.it\/shop\/wp-json\/wp\/v2\/product_brand?post=3644"},{"taxonomy":"product_cat","embeddable":true,"href":"https:\/\/www.monzacamper.it\/shop\/wp-json\/wp\/v2\/product_cat?post=3644"},{"taxonomy":"product_tag","embeddable":true,"href":"https:\/\/www.monzacamper.it\/shop\/wp-json\/wp\/v2\/product_tag?post=3644"}],"curies":[{"name":"wp","href":"https:\/\/api.w.org\/{rel}","templated":true}]}}