{"id":3638,"date":"2025-07-21T16:42:45","date_gmt":"2025-07-21T16:42:45","guid":{"rendered":"https:\/\/www.monzacamper.it\/shop\/prodotto\/avvolgitubo-aquafil-con-tubo-10m\/"},"modified":"2026-05-10T01:37:28","modified_gmt":"2026-05-10T00:37:28","slug":"avvolgitubo-aquafil-con-tubo-10m","status":"publish","type":"product","link":"https:\/\/www.monzacamper.it\/shop\/prodotto\/avvolgitubo-aquafil-con-tubo-10m\/","title":{"rendered":"Avvolgitubo Aquafil"},"content":{"rendered":"<p>L&#8217;Avvolgitubo Aquafil BRUNNER \u00e8 un accessorio fondamentale per la gestione idrica in camper e caravan. Questo dispositivo \u00e8 progettato per ottimizzare le operazioni di carico e scarico dell&#8217;acqua, garantendo ordine e praticit\u00e0. Il suo scopo \u00e8 mantenere il tubo idrico sempre accessibile ma ben ri<\/p>\n<p><em>Scopri anche: <a href=\"https:\/\/www.monzacamper.it\/shop\/categoria-prodotto\/acqua\/\">ACQUA<\/a>, <a href=\"https:\/\/www.monzacamper.it\/shop\/prodotto\/tanica-jerry-pro-20\/\">Tanica Jerry Pro 20<\/a>, <a href=\"https:\/\/www.monzacamper.it\/shop\/prodotto\/bathroom-cleaner-500ml\/\">BATHROOM CLEANER ML. 500<\/a>.<\/em><\/p>\n","protected":false},"excerpt":{"rendered":"<p>L&#8217;Avvolgitubo Aquafil BRUNNER \u00e8 un accessorio fondamentale per la gestione idrica in camper e caravan. Questo dispositivo \u00e8 progettato per ottimizzare le operazioni di carico e scarico dell&#8217;acqua, garantendo ordine e praticit\u00e0. Il suo scopo \u00e8 mantenere il tubo idrico sempre accessibile ma ben ri Scopri anche: ACQUA, Tanica Jerry Pro 20, BATHROOM CLEANER ML. [&hellip;]<\/p>\n","protected":false},"featured_media":4366,"template":"","meta":[],"product_brand":[587],"product_cat":[21],"product_tag":[],"class_list":{"0":"post-3638","1":"product","2":"type-product","3":"status-publish","4":"has-post-thumbnail","6":"product_brand-brunner","7":"product_cat-acqua","9":"first","10":"instock","11":"taxable","12":"shipping-taxable","13":"purchasable","14":"product-type-simple"},"_links":{"self":[{"href":"https:\/\/www.monzacamper.it\/shop\/wp-json\/wp\/v2\/product\/3638","targetHints":{"allow":["GET"]}}],"collection":[{"href":"https:\/\/www.monzacamper.it\/shop\/wp-json\/wp\/v2\/product"}],"about":[{"href":"https:\/\/www.monzacamper.it\/shop\/wp-json\/wp\/v2\/types\/product"}],"wp:featuredmedia":[{"embeddable":true,"href":"https:\/\/www.monzacamper.it\/shop\/wp-json\/wp\/v2\/media\/4366"}],"wp:attachment":[{"href":"https:\/\/www.monzacamper.it\/shop\/wp-json\/wp\/v2\/media?parent=3638"}],"wp:term":[{"taxonomy":"product_brand","embeddable":true,"href":"https:\/\/www.monzacamper.it\/shop\/wp-json\/wp\/v2\/product_brand?post=3638"},{"taxonomy":"product_cat","embeddable":true,"href":"https:\/\/www.monzacamper.it\/shop\/wp-json\/wp\/v2\/product_cat?post=3638"},{"taxonomy":"product_tag","embeddable":true,"href":"https:\/\/www.monzacamper.it\/shop\/wp-json\/wp\/v2\/product_tag?post=3638"}],"curies":[{"name":"wp","href":"https:\/\/api.w.org\/{rel}","templated":true}]}}