{"id":3629,"date":"2025-07-21T16:42:44","date_gmt":"2025-07-21T16:42:44","guid":{"rendered":"https:\/\/www.monzacamper.it\/shop\/prodotto\/insetticida-firefly\/"},"modified":"2026-05-10T01:37:28","modified_gmt":"2026-05-10T00:37:28","slug":"insetticida-firefly","status":"publish","type":"product","link":"https:\/\/www.monzacamper.it\/shop\/prodotto\/insetticida-firefly\/","title":{"rendered":"Insetticida Firefly"},"content":{"rendered":"<p>Viaggiare in camper o caravan significa libert\u00e0, ma anche la necessit\u00e0 di mantenere un ambiente confortevole e protetto. L&#8217;Insetticida Firefly BRUNNER \u00e8 stato ideato per rispondere a questa esigenza, offrendo una soluzione efficace contro gli insetti indesiderati. Questo prodotto, specifico per gli interni dei veicoli ricreazionali, contribuisce a garantire<\/p>\n<p><em>Scopri anche: <a href=\"https:\/\/www.monzacamper.it\/shop\/categoria-prodotto\/interno\/\">INTERNO<\/a>, <a href=\"https:\/\/www.monzacamper.it\/shop\/prodotto\/insalatiera-dolomit-rose\/\">Insalatiera Dolomit Rose<\/a>, <a href=\"https:\/\/www.monzacamper.it\/shop\/prodotto\/piatto-fondo-dolomit-rose\/\">Piatto fondo Dolomit Rose<\/a>.<\/em><\/p>\n","protected":false},"excerpt":{"rendered":"<p>Viaggiare in camper o caravan significa libert\u00e0, ma anche la necessit\u00e0 di mantenere un ambiente confortevole e protetto. L&#8217;Insetticida Firefly BRUNNER \u00e8 stato ideato per rispondere a questa esigenza, offrendo una soluzione efficace contro gli insetti indesiderati. Questo prodotto, specifico per gli interni dei veicoli ricreazionali, contribuisce a garantire Scopri anche: INTERNO, Insalatiera Dolomit Rose, [&hellip;]<\/p>\n","protected":false},"featured_media":4421,"template":"","meta":[],"product_brand":[587],"product_cat":[590],"product_tag":[],"class_list":{"0":"post-3629","1":"product","2":"type-product","3":"status-publish","4":"has-post-thumbnail","6":"product_brand-brunner","7":"product_cat-interno","9":"first","10":"instock","11":"taxable","12":"shipping-taxable","13":"purchasable","14":"product-type-simple"},"_links":{"self":[{"href":"https:\/\/www.monzacamper.it\/shop\/wp-json\/wp\/v2\/product\/3629","targetHints":{"allow":["GET"]}}],"collection":[{"href":"https:\/\/www.monzacamper.it\/shop\/wp-json\/wp\/v2\/product"}],"about":[{"href":"https:\/\/www.monzacamper.it\/shop\/wp-json\/wp\/v2\/types\/product"}],"wp:featuredmedia":[{"embeddable":true,"href":"https:\/\/www.monzacamper.it\/shop\/wp-json\/wp\/v2\/media\/4421"}],"wp:attachment":[{"href":"https:\/\/www.monzacamper.it\/shop\/wp-json\/wp\/v2\/media?parent=3629"}],"wp:term":[{"taxonomy":"product_brand","embeddable":true,"href":"https:\/\/www.monzacamper.it\/shop\/wp-json\/wp\/v2\/product_brand?post=3629"},{"taxonomy":"product_cat","embeddable":true,"href":"https:\/\/www.monzacamper.it\/shop\/wp-json\/wp\/v2\/product_cat?post=3629"},{"taxonomy":"product_tag","embeddable":true,"href":"https:\/\/www.monzacamper.it\/shop\/wp-json\/wp\/v2\/product_tag?post=3629"}],"curies":[{"name":"wp","href":"https:\/\/api.w.org\/{rel}","templated":true}]}}