{"id":3620,"date":"2025-07-21T16:42:43","date_gmt":"2025-07-21T16:42:43","guid":{"rendered":"https:\/\/www.monzacamper.it\/shop\/prodotto\/mini-frigorifero-polarys-home-42-l\/"},"modified":"2026-04-04T01:37:30","modified_gmt":"2026-04-04T00:37:30","slug":"mini-frigorifero-polarys-home-42-l","status":"publish","type":"product","link":"https:\/\/www.monzacamper.it\/shop\/prodotto\/mini-frigorifero-polarys-home-42-l\/","title":{"rendered":"Mini-frigorifero Polarys Home 42 l"},"content":{"rendered":"<p>Mini-frigorifero Polarys Home 42 l<\/p>\n","protected":false},"excerpt":{"rendered":"<p>Il mini-frigo compatto Polarys Home \u00e8 la soluzione ideale per gli spazi ridotti come tende da sole, case mobili o case di vacanza. Ha una capacit\u00e0 di 42 litri e offre spazio per tutti gli alimenti e le bevande importanti. La cella frigorifera integrata con capacit\u00e0 di 4 litri \u00e8 ideale per la conservazione a breve termine di carne e pesce freschi. Il ripiano della porta offre spazio per bottiglie da 2 litri e il pratico portaoggetti mantiene in ordine l&#8217;interno. Il frigorifero ha una temperatura regolabile (0\u00b0\/10\u00b0) che pu\u00f2 essere adattata in modo ottimale alla temperatura ambiente. \u00c8 classificato nella classe climatica N-ST. Il frigorifero \u00e8 piacevolmente silenzioso e ha un livello di rumorosit\u00e0 minimo di 43 dB. \u00c8 dotato di una cerniera della porta intercambiabile che ne consente l&#8217;integrazione in qualsiasi ambiente. Il robusto alloggiamento in plastica garantisce una lunga durata.<\/p>\n<table class=\"combinations\" border=\"0\" width=\"100%\" cellspacing=\"0\" cellpadding=\"0\">\n<tbody>\n<tr>\n<td>45,3 x 45 x 49,5 cm<\/td>\n<td>14,1 kg<\/td>\n<td>240V<\/td>\n<td>75W<\/td>\n<td>42 l<\/td>\n<\/tr>\n<\/tbody>\n<\/table>\n","protected":false},"featured_media":4491,"template":"","meta":[],"product_brand":[587],"product_cat":[588],"product_tag":[],"class_list":{"0":"post-3620","1":"product","2":"type-product","3":"status-publish","4":"has-post-thumbnail","6":"product_brand-brunner","7":"product_cat-frigoriferi-2","9":"first","10":"instock","11":"taxable","12":"shipping-taxable","13":"purchasable","14":"product-type-simple"},"_links":{"self":[{"href":"https:\/\/www.monzacamper.it\/shop\/wp-json\/wp\/v2\/product\/3620","targetHints":{"allow":["GET"]}}],"collection":[{"href":"https:\/\/www.monzacamper.it\/shop\/wp-json\/wp\/v2\/product"}],"about":[{"href":"https:\/\/www.monzacamper.it\/shop\/wp-json\/wp\/v2\/types\/product"}],"wp:featuredmedia":[{"embeddable":true,"href":"https:\/\/www.monzacamper.it\/shop\/wp-json\/wp\/v2\/media\/4491"}],"wp:attachment":[{"href":"https:\/\/www.monzacamper.it\/shop\/wp-json\/wp\/v2\/media?parent=3620"}],"wp:term":[{"taxonomy":"product_brand","embeddable":true,"href":"https:\/\/www.monzacamper.it\/shop\/wp-json\/wp\/v2\/product_brand?post=3620"},{"taxonomy":"product_cat","embeddable":true,"href":"https:\/\/www.monzacamper.it\/shop\/wp-json\/wp\/v2\/product_cat?post=3620"},{"taxonomy":"product_tag","embeddable":true,"href":"https:\/\/www.monzacamper.it\/shop\/wp-json\/wp\/v2\/product_tag?post=3620"}],"curies":[{"name":"wp","href":"https:\/\/api.w.org\/{rel}","templated":true}]}}