{"id":3609,"date":"2025-07-21T16:42:41","date_gmt":"2025-07-21T16:42:41","guid":{"rendered":"https:\/\/www.monzacamper.it\/shop\/prodotto\/fornello-gas-phoenix-30mbar\/"},"modified":"2026-05-10T01:37:29","modified_gmt":"2026-05-10T00:37:29","slug":"fornello-gas-phoenix-30mbar","status":"publish","type":"product","link":"https:\/\/www.monzacamper.it\/shop\/prodotto\/fornello-gas-phoenix-30mbar\/","title":{"rendered":"Fornello gas Phoenix 30mbar"},"content":{"rendered":"<p>Il Fornello gas Phoenix 30mbar BRUNNER rappresenta una soluzione ideale per chi cerca praticit\u00e0 e affidabilit\u00e0 nella cucina da campeggio. Progettato specificamente per l&#8217;utilizzo in camper, caravan o durante attivit\u00e0 all&#8217;aria aperta, questo fornello a gas singolo \u00e8 un componente essenziale per preparare pasti caldi in autonomia. La<\/p>\n<p><em>Scopri anche: <a href=\"https:\/\/www.monzacamper.it\/shop\/categoria-prodotto\/outdoor\/\">OUTDOOR<\/a>, <a href=\"https:\/\/www.monzacamper.it\/shop\/prodotto\/poggiapiedi-aravel-vitachic-st-andalone-antra\/\">Poggiapiedi Aravel Vitachic St andalone (antra<\/a>, <a href=\"https:\/\/www.monzacamper.it\/shop\/prodotto\/sedia-aravel-vitachic-large-antracite\/\">Sedia Aravel Vitachic LARGE (antracite)<\/a>.<\/em><\/p>\n","protected":false},"excerpt":{"rendered":"<p>Il Fornello gas Phoenix 30mbar BRUNNER rappresenta una soluzione ideale per chi cerca praticit\u00e0 e affidabilit\u00e0 nella cucina da campeggio. Progettato specificamente per l&#8217;utilizzo in camper, caravan o durante attivit\u00e0 all&#8217;aria aperta, questo fornello a gas singolo \u00e8 un componente essenziale per preparare pasti caldi in autonomia. La Scopri anche: OUTDOOR, Poggiapiedi Aravel Vitachic St [&hellip;]<\/p>\n","protected":false},"featured_media":4524,"template":"","meta":[],"product_brand":[587],"product_cat":[41],"product_tag":[],"class_list":{"0":"post-3609","1":"product","2":"type-product","3":"status-publish","4":"has-post-thumbnail","6":"product_brand-brunner","7":"product_cat-outdoor","9":"first","10":"outofstock","11":"taxable","12":"shipping-taxable","13":"purchasable","14":"product-type-simple"},"_links":{"self":[{"href":"https:\/\/www.monzacamper.it\/shop\/wp-json\/wp\/v2\/product\/3609","targetHints":{"allow":["GET"]}}],"collection":[{"href":"https:\/\/www.monzacamper.it\/shop\/wp-json\/wp\/v2\/product"}],"about":[{"href":"https:\/\/www.monzacamper.it\/shop\/wp-json\/wp\/v2\/types\/product"}],"wp:featuredmedia":[{"embeddable":true,"href":"https:\/\/www.monzacamper.it\/shop\/wp-json\/wp\/v2\/media\/4524"}],"wp:attachment":[{"href":"https:\/\/www.monzacamper.it\/shop\/wp-json\/wp\/v2\/media?parent=3609"}],"wp:term":[{"taxonomy":"product_brand","embeddable":true,"href":"https:\/\/www.monzacamper.it\/shop\/wp-json\/wp\/v2\/product_brand?post=3609"},{"taxonomy":"product_cat","embeddable":true,"href":"https:\/\/www.monzacamper.it\/shop\/wp-json\/wp\/v2\/product_cat?post=3609"},{"taxonomy":"product_tag","embeddable":true,"href":"https:\/\/www.monzacamper.it\/shop\/wp-json\/wp\/v2\/product_tag?post=3609"}],"curies":[{"name":"wp","href":"https:\/\/api.w.org\/{rel}","templated":true}]}}