{"id":3608,"date":"2025-07-21T16:42:41","date_gmt":"2025-07-21T16:42:41","guid":{"rendered":"https:\/\/www.monzacamper.it\/shop\/prodotto\/devil-kookmaster-standalone-con-piastre-30\/"},"modified":"2026-05-10T01:37:29","modified_gmt":"2026-05-10T00:37:29","slug":"devil-kookmaster-standalone-con-piastre-30","status":"publish","type":"product","link":"https:\/\/www.monzacamper.it\/shop\/prodotto\/devil-kookmaster-standalone-con-piastre-30\/","title":{"rendered":"Devil KookMaster Standalone (con piastre)"},"content":{"rendered":"<p>Il Devil KookMaster Standalone (con piastre) BRUNNER \u00e8 il supporto da cucina portatile ideale per camper, caravan e vita all&#8217;aria aperta. Offre stabilit\u00e0 e funzionalit\u00e0, permettendo di cucinare in autonomia. Trasforma ogni sosta in un&#8217;esperienza culinaria confortevole e organizzata.<\/p>\n<p>Il Devil KookMaster Standalone \u00e8<\/p>\n<p><em>Scopri anche: <a href=\"https:\/\/www.monzacamper.it\/shop\/categoria-prodotto\/outdoor\/\">OUTDOOR<\/a>, <a href=\"https:\/\/www.monzacamper.it\/shop\/prodotto\/corda-multiuso-signal\/\">Corda multiuso Signal<\/a>, <a href=\"https:\/\/www.monzacamper.it\/shop\/prodotto\/lampada-faro\/\">Lampada Faro<\/a>.<\/em><\/p>\n","protected":false},"excerpt":{"rendered":"<p>Il Devil KookMaster Standalone (con piastre) BRUNNER \u00e8 il supporto da cucina portatile ideale per camper, caravan e vita all&#8217;aria aperta. Offre stabilit\u00e0 e funzionalit\u00e0, permettendo di cucinare in autonomia. Trasforma ogni sosta in un&#8217;esperienza culinaria confortevole e organizzata. Il Devil KookMaster Standalone \u00e8 Scopri anche: OUTDOOR, Corda multiuso Signal, Lampada Faro.<\/p>\n","protected":false},"featured_media":4519,"template":"","meta":[],"product_brand":[587],"product_cat":[41],"product_tag":[],"class_list":{"0":"post-3608","1":"product","2":"type-product","3":"status-publish","4":"has-post-thumbnail","6":"product_brand-brunner","7":"product_cat-outdoor","9":"first","10":"instock","11":"taxable","12":"shipping-taxable","13":"purchasable","14":"product-type-simple"},"_links":{"self":[{"href":"https:\/\/www.monzacamper.it\/shop\/wp-json\/wp\/v2\/product\/3608","targetHints":{"allow":["GET"]}}],"collection":[{"href":"https:\/\/www.monzacamper.it\/shop\/wp-json\/wp\/v2\/product"}],"about":[{"href":"https:\/\/www.monzacamper.it\/shop\/wp-json\/wp\/v2\/types\/product"}],"wp:featuredmedia":[{"embeddable":true,"href":"https:\/\/www.monzacamper.it\/shop\/wp-json\/wp\/v2\/media\/4519"}],"wp:attachment":[{"href":"https:\/\/www.monzacamper.it\/shop\/wp-json\/wp\/v2\/media?parent=3608"}],"wp:term":[{"taxonomy":"product_brand","embeddable":true,"href":"https:\/\/www.monzacamper.it\/shop\/wp-json\/wp\/v2\/product_brand?post=3608"},{"taxonomy":"product_cat","embeddable":true,"href":"https:\/\/www.monzacamper.it\/shop\/wp-json\/wp\/v2\/product_cat?post=3608"},{"taxonomy":"product_tag","embeddable":true,"href":"https:\/\/www.monzacamper.it\/shop\/wp-json\/wp\/v2\/product_tag?post=3608"}],"curies":[{"name":"wp","href":"https:\/\/api.w.org\/{rel}","templated":true}]}}