{"id":3570,"date":"2025-07-21T16:42:36","date_gmt":"2025-07-21T16:42:36","guid":{"rendered":"https:\/\/www.monzacamper.it\/shop\/prodotto\/tavolo-silver-gapless-level-4\/"},"modified":"2026-05-10T01:37:30","modified_gmt":"2026-05-10T00:37:30","slug":"tavolo-silver-gapless-level-4","status":"publish","type":"product","link":"https:\/\/www.monzacamper.it\/shop\/prodotto\/tavolo-silver-gapless-level-4\/","title":{"rendered":"Tavolo Silver Gapless Level 4"},"content":{"rendered":"<p>Il Tavolo Silver Gapless Level 4 BRUNNER \u00e8 la soluzione ideale per chi cerca stabilit\u00e0 e praticit\u00e0 negli spazi esterni. Progettato per camper, caravan e tende, questo tavolo pieghevole offre una superficie robusta per ogni attivit\u00e0 all&#8217;aria aperta. La<\/p>\n<p><em>Scopri anche: <a href=\"https:\/\/www.monzacamper.it\/shop\/categoria-prodotto\/outdoor\/\">OUTDOOR<\/a>, <a href=\"https:\/\/www.monzacamper.it\/shop\/prodotto\/corda-multiuso-power-o-4mm-x-20m\/\">Corda multiuso Power<\/a>, <a href=\"https:\/\/www.monzacamper.it\/shop\/prodotto\/stuoia-puramat-250x400-cm\/\">Stuoia Puramat 250&#215;400 cm<\/a>.<\/em><\/p>\n","protected":false},"excerpt":{"rendered":"<p>Il Tavolo Silver Gapless Level 4 BRUNNER \u00e8 la soluzione ideale per chi cerca stabilit\u00e0 e praticit\u00e0 negli spazi esterni. Progettato per camper, caravan e tende, questo tavolo pieghevole offre una superficie robusta per ogni attivit\u00e0 all&#8217;aria aperta. La Scopri anche: OUTDOOR, Corda multiuso Power, Stuoia Puramat 250&#215;400 cm.<\/p>\n","protected":false},"featured_media":3998,"template":"","meta":[],"product_brand":[587],"product_cat":[41],"product_tag":[],"class_list":{"0":"post-3570","1":"product","2":"type-product","3":"status-publish","4":"has-post-thumbnail","6":"product_brand-brunner","7":"product_cat-outdoor","9":"first","10":"instock","11":"taxable","12":"shipping-taxable","13":"purchasable","14":"product-type-simple"},"_links":{"self":[{"href":"https:\/\/www.monzacamper.it\/shop\/wp-json\/wp\/v2\/product\/3570","targetHints":{"allow":["GET"]}}],"collection":[{"href":"https:\/\/www.monzacamper.it\/shop\/wp-json\/wp\/v2\/product"}],"about":[{"href":"https:\/\/www.monzacamper.it\/shop\/wp-json\/wp\/v2\/types\/product"}],"wp:featuredmedia":[{"embeddable":true,"href":"https:\/\/www.monzacamper.it\/shop\/wp-json\/wp\/v2\/media\/3998"}],"wp:attachment":[{"href":"https:\/\/www.monzacamper.it\/shop\/wp-json\/wp\/v2\/media?parent=3570"}],"wp:term":[{"taxonomy":"product_brand","embeddable":true,"href":"https:\/\/www.monzacamper.it\/shop\/wp-json\/wp\/v2\/product_brand?post=3570"},{"taxonomy":"product_cat","embeddable":true,"href":"https:\/\/www.monzacamper.it\/shop\/wp-json\/wp\/v2\/product_cat?post=3570"},{"taxonomy":"product_tag","embeddable":true,"href":"https:\/\/www.monzacamper.it\/shop\/wp-json\/wp\/v2\/product_tag?post=3570"}],"curies":[{"name":"wp","href":"https:\/\/api.w.org\/{rel}","templated":true}]}}