{"id":3568,"date":"2025-07-21T16:42:36","date_gmt":"2025-07-21T16:42:36","guid":{"rendered":"https:\/\/www.monzacamper.it\/shop\/prodotto\/tavolo-titanium-axia-6\/"},"modified":"2026-05-10T01:37:30","modified_gmt":"2026-05-10T00:37:30","slug":"tavolo-titanium-axia-6","status":"publish","type":"product","link":"https:\/\/www.monzacamper.it\/shop\/prodotto\/tavolo-titanium-axia-6\/","title":{"rendered":"Tavolo Titanium Axia 6"},"content":{"rendered":"<p>Il Tavolo Titanium Axia 6 BRUNNER \u00e8 una soluzione versatile e robusta, progettata per arricchire l&#8217;esperienza outdoor di camperisti e appassionati di vita all&#8217;aria aperta. Questo tavolo pieghevole si adatta perfettamente a diverse esigenze, dalla sosta in campeggio al picnic in natura, offrendo una superficie stabile e affidabile per pasti, giochi o come piano d&#8217;appoggio aggiuntivo. La sua concezione mira a combinare funzionalit\u00e0 e praticit\u00e0, rendendolo un accessorio indispensabile per chi cerca comfort e durabilit\u00e0 durante i propri viaggi.<\/p>\n<p>La struttura di questo tavolo \u00e8 realizzata con materiali di alta qualit\u00e0, selezionati per garantire leggerezza e resistenza agli agenti atmosferici. Il piano \u00e8 in laminato compatto, noto per la sua robustezza e facilit\u00e0 di pulizia, mentre le gambe sono in alluminio anodizzato, che previene la corrosione. Questa combinazione di materiali assicura una lunga durata nel tempo e una notevole<\/p>\n<p><em>Scopri anche: <a href=\"https:\/\/www.monzacamper.it\/shop\/categoria-prodotto\/outdoor\/\">OUTDOOR<\/a>, <a href=\"https:\/\/www.monzacamper.it\/shop\/prodotto\/poltrona-director-xl-cuba\/\">SEDIA SOPLAIR CUBA NERA<\/a>, <a href=\"https:\/\/www.monzacamper.it\/shop\/prodotto\/spillone-stick-plus-23cm\/\">Spillone Stick Plus 23cm<\/a>.<\/em><\/p>\n","protected":false},"excerpt":{"rendered":"<p>Tavolo in alluminio brevettato con ripiano arrotolabile e speciale telaio pieghevole di facile montaggio.<\/p>\n<div class=\"Highlight\">Caratteristiche:<\/div>\n<p>\u2022 Piano arrotolabile con listelli anodizzate color argento (sistema Gapless)<br \/>\n\u2022 Con livella a bolla integrata<br \/>\n\u2022 Telaio realizzato con tubi quadrati in alluminio e barra stabilizzatrice centrale<br \/>\n\u2022 Piedino regolabile<br \/>\n\u2022 Con comoda rete e borsa da trasporto<\/p>\n<table class=\"combinations\" border=\"0\" width=\"100%\" cellspacing=\"0\" cellpadding=\"0\">\n<tbody>\n<tr>\n<td class=\"reference\">TITANIUM AXIA 6<\/td>\n<td class=\"reference\">0406099N<\/td>\n<td>aperto 147 x 76 x H72 cm<\/td>\n<td>chius0 147 x 18 x 20 cm<\/td>\n<td>peso 8,2 kg<\/td>\n<td>portata 30 kg<\/td>\n<td>Alluminio<\/td>\n<td class=\"table-availability\"><\/td>\n<\/tr>\n<\/tbody>\n<\/table>\n","protected":false},"featured_media":3978,"template":"","meta":[],"product_brand":[587],"product_cat":[41],"product_tag":[],"class_list":{"0":"post-3568","1":"product","2":"type-product","3":"status-publish","4":"has-post-thumbnail","6":"product_brand-brunner","7":"product_cat-outdoor","9":"first","10":"outofstock","11":"taxable","12":"shipping-taxable","13":"purchasable","14":"product-type-simple"},"_links":{"self":[{"href":"https:\/\/www.monzacamper.it\/shop\/wp-json\/wp\/v2\/product\/3568","targetHints":{"allow":["GET"]}}],"collection":[{"href":"https:\/\/www.monzacamper.it\/shop\/wp-json\/wp\/v2\/product"}],"about":[{"href":"https:\/\/www.monzacamper.it\/shop\/wp-json\/wp\/v2\/types\/product"}],"wp:featuredmedia":[{"embeddable":true,"href":"https:\/\/www.monzacamper.it\/shop\/wp-json\/wp\/v2\/media\/3978"}],"wp:attachment":[{"href":"https:\/\/www.monzacamper.it\/shop\/wp-json\/wp\/v2\/media?parent=3568"}],"wp:term":[{"taxonomy":"product_brand","embeddable":true,"href":"https:\/\/www.monzacamper.it\/shop\/wp-json\/wp\/v2\/product_brand?post=3568"},{"taxonomy":"product_cat","embeddable":true,"href":"https:\/\/www.monzacamper.it\/shop\/wp-json\/wp\/v2\/product_cat?post=3568"},{"taxonomy":"product_tag","embeddable":true,"href":"https:\/\/www.monzacamper.it\/shop\/wp-json\/wp\/v2\/product_tag?post=3568"}],"curies":[{"name":"wp","href":"https:\/\/api.w.org\/{rel}","templated":true}]}}