{"id":3554,"date":"2025-07-21T16:42:34","date_gmt":"2025-07-21T16:42:34","guid":{"rendered":"https:\/\/www.monzacamper.it\/shop\/prodotto\/beauty-case-wash-bag\/"},"modified":"2026-05-10T01:37:31","modified_gmt":"2026-05-10T00:37:31","slug":"beauty-case-wash-bag","status":"publish","type":"product","link":"https:\/\/www.monzacamper.it\/shop\/prodotto\/beauty-case-wash-bag\/","title":{"rendered":"Beauty case Wash Bag"},"content":{"rendered":"<p>Il Beauty case Wash Bag BRUNNER \u00e8 una soluzione ottimale per l&#8217;organizzazione degli effetti personali in camper, caravan e tende da campeggio. Questo accessorio, specifico per la categoria INTERNI, permette di mantenere ordine e igiene, aspetti fondamentali durante ogni avventura all&#8217;aria aperta. \u00c8 progettato per chi cerca praticit\u00e0 e funzionalit\u00e0 nel gestire i<\/p>\n<p><em>Scopri anche: <a href=\"https:\/\/www.monzacamper.it\/shop\/categoria-prodotto\/interni\/\">INTERNI<\/a>, <a href=\"https:\/\/www.monzacamper.it\/shop\/prodotto\/bacinella-tanq-fold-away-grigio-bianco\/\">Bacinella Tanq Fold-Away (grigio\/bianco)<\/a>, <a href=\"https:\/\/www.monzacamper.it\/shop\/prodotto\/saccoletto-starflyer-xl\/\">Saccoletto Starflyer XL<\/a>.<\/em><\/p>\n","protected":false},"excerpt":{"rendered":"<p>Il Beauty case Wash Bag BRUNNER \u00e8 una soluzione ottimale per l&#8217;organizzazione degli effetti personali in camper, caravan e tende da campeggio. Questo accessorio, specifico per la categoria INTERNI, permette di mantenere ordine e igiene, aspetti fondamentali durante ogni avventura all&#8217;aria aperta. \u00c8 progettato per chi cerca praticit\u00e0 e funzionalit\u00e0 nel gestire i Scopri anche: [&hellip;]<\/p>\n","protected":false},"featured_media":4075,"template":"","meta":[],"product_brand":[587],"product_cat":[33],"product_tag":[],"class_list":{"0":"post-3554","1":"product","2":"type-product","3":"status-publish","4":"has-post-thumbnail","6":"product_brand-brunner","7":"product_cat-interni","9":"first","10":"instock","11":"taxable","12":"shipping-taxable","13":"purchasable","14":"product-type-simple"},"_links":{"self":[{"href":"https:\/\/www.monzacamper.it\/shop\/wp-json\/wp\/v2\/product\/3554","targetHints":{"allow":["GET"]}}],"collection":[{"href":"https:\/\/www.monzacamper.it\/shop\/wp-json\/wp\/v2\/product"}],"about":[{"href":"https:\/\/www.monzacamper.it\/shop\/wp-json\/wp\/v2\/types\/product"}],"wp:featuredmedia":[{"embeddable":true,"href":"https:\/\/www.monzacamper.it\/shop\/wp-json\/wp\/v2\/media\/4075"}],"wp:attachment":[{"href":"https:\/\/www.monzacamper.it\/shop\/wp-json\/wp\/v2\/media?parent=3554"}],"wp:term":[{"taxonomy":"product_brand","embeddable":true,"href":"https:\/\/www.monzacamper.it\/shop\/wp-json\/wp\/v2\/product_brand?post=3554"},{"taxonomy":"product_cat","embeddable":true,"href":"https:\/\/www.monzacamper.it\/shop\/wp-json\/wp\/v2\/product_cat?post=3554"},{"taxonomy":"product_tag","embeddable":true,"href":"https:\/\/www.monzacamper.it\/shop\/wp-json\/wp\/v2\/product_tag?post=3554"}],"curies":[{"name":"wp","href":"https:\/\/api.w.org\/{rel}","templated":true}]}}