{"id":3551,"date":"2025-07-21T16:42:34","date_gmt":"2025-07-21T16:42:34","guid":{"rendered":"https:\/\/www.monzacamper.it\/shop\/prodotto\/amaca-ultraleggera-belham-single\/"},"modified":"2026-05-10T01:37:11","modified_gmt":"2026-05-10T00:37:11","slug":"amaca-ultraleggera-belham-single","status":"publish","type":"product","link":"https:\/\/www.monzacamper.it\/shop\/prodotto\/amaca-ultraleggera-belham-single\/","title":{"rendered":"Amaca ultraleggera Belham"},"content":{"rendered":"<p>L&#8217;Amaca ultraleggera Belham di BRUNNER \u00e8 un accessorio versatile per camper, caravan e vita all&#8217;aperto. Offre un&#8217;opportunit\u00e0 di relax aggiuntiva, trasformando ogni sosta in un momento di riposo. La sua natura compatta e la facilit\u00e0<\/p>\n<p><em>Scopri anche: <a href=\"https:\/\/www.monzacamper.it\/shop\/categoria-prodotto\/interni\/\">INTERNI<\/a>, <a href=\"https:\/\/www.monzacamper.it\/shop\/prodotto\/portarifiuti-pillar-xl-bianco\/\">Portarifiuti Pillar XL (bianco)<\/a>, <a href=\"https:\/\/www.monzacamper.it\/shop\/prodotto\/popote-pirate-ng-71-o-22cm\/\">Popote Pirate NG 7+1 \u00d8 22cm<\/a>.<\/em><\/p>\n","protected":false},"excerpt":{"rendered":"<p>L&#8217;Amaca ultraleggera Belham di BRUNNER \u00e8 un accessorio versatile per camper, caravan e vita all&#8217;aperto. Offre un&#8217;opportunit\u00e0 di relax aggiuntiva, trasformando ogni sosta in un momento di riposo. La sua natura compatta e la facilit\u00e0 Scopri anche: INTERNI, Portarifiuti Pillar XL (bianco), Popote Pirate NG 7+1 \u00d8 22cm.<\/p>\n","protected":false},"featured_media":4066,"template":"","meta":[],"product_brand":[587],"product_cat":[33],"product_tag":[],"class_list":{"0":"post-3551","1":"product","2":"type-product","3":"status-publish","4":"has-post-thumbnail","6":"product_brand-brunner","7":"product_cat-interni","9":"first","10":"instock","11":"taxable","12":"shipping-taxable","13":"purchasable","14":"product-type-simple"},"_links":{"self":[{"href":"https:\/\/www.monzacamper.it\/shop\/wp-json\/wp\/v2\/product\/3551","targetHints":{"allow":["GET"]}}],"collection":[{"href":"https:\/\/www.monzacamper.it\/shop\/wp-json\/wp\/v2\/product"}],"about":[{"href":"https:\/\/www.monzacamper.it\/shop\/wp-json\/wp\/v2\/types\/product"}],"wp:featuredmedia":[{"embeddable":true,"href":"https:\/\/www.monzacamper.it\/shop\/wp-json\/wp\/v2\/media\/4066"}],"wp:attachment":[{"href":"https:\/\/www.monzacamper.it\/shop\/wp-json\/wp\/v2\/media?parent=3551"}],"wp:term":[{"taxonomy":"product_brand","embeddable":true,"href":"https:\/\/www.monzacamper.it\/shop\/wp-json\/wp\/v2\/product_brand?post=3551"},{"taxonomy":"product_cat","embeddable":true,"href":"https:\/\/www.monzacamper.it\/shop\/wp-json\/wp\/v2\/product_cat?post=3551"},{"taxonomy":"product_tag","embeddable":true,"href":"https:\/\/www.monzacamper.it\/shop\/wp-json\/wp\/v2\/product_tag?post=3551"}],"curies":[{"name":"wp","href":"https:\/\/api.w.org\/{rel}","templated":true}]}}