{"id":347,"date":"2025-06-28T16:22:09","date_gmt":"2025-06-28T16:22:09","guid":{"rendered":"https:\/\/www.monzacamper.it\/shop\/?product=fermaporta-esterno-blister-1-pezzo"},"modified":"2026-05-11T01:37:54","modified_gmt":"2026-05-11T00:37:54","slug":"fermaporta-esterno-blister-1-pezzo","status":"publish","type":"product","link":"https:\/\/www.monzacamper.it\/shop\/prodotto\/fermaporta-esterno-blister-1-pezzo\/","title":{"rendered":"Fermaporta esterno  blister 1 pezzo"},"content":{"rendered":"<p>Viaggiare in camper o caravan richiede accessori che uniscano funzionalit\u00e0 e affidabilit\u00e0. Il fermaporta esterno blister 1 pezzo \u00e8 una soluzione pratica per mantenere le porte del vostro veicolo ricreazionale saldamente aperte durante le soste. Questo accessorio migliora la ventilazione e la vivibilit\u00e0 degli spazi interni,<\/p>\n<p><em>Scopri anche: <a href=\"https:\/\/www.monzacamper.it\/shop\/prodotto\/finestra-seitz-scorrevole-1000-x-600\/\">Finestra Seitz scorrevole \u2022 1000 x 600<\/a>, <a href=\"https:\/\/www.monzacamper.it\/shop\/prodotto\/finestra-seitz-scorrevole-800-x-450\/\">Finestra Seitz scorrevole \u2022 800 x 450<\/a>.<\/em><\/p>\n","protected":false},"excerpt":{"rendered":"<p>Viaggiare in camper o caravan richiede accessori che uniscano funzionalit\u00e0 e affidabilit\u00e0. Il fermaporta esterno blister 1 pezzo \u00e8 una soluzione pratica per mantenere le porte del vostro veicolo ricreazionale saldamente aperte durante le soste. Questo accessorio migliora la ventilazione e la vivibilit\u00e0 degli spazi interni, Scopri anche: Finestra Seitz scorrevole \u2022 1000 x 600, [&hellip;]<\/p>\n","protected":false},"featured_media":960,"template":"","meta":[],"product_brand":[],"product_cat":[15],"product_tag":[],"class_list":{"0":"post-347","1":"product","2":"type-product","3":"status-publish","4":"has-post-thumbnail","6":"product_cat-senza-categoria","7":"product_shipping_class-peso-fino-2kg","9":"first","10":"instock","11":"taxable","12":"shipping-taxable","13":"purchasable","14":"product-type-simple"},"_links":{"self":[{"href":"https:\/\/www.monzacamper.it\/shop\/wp-json\/wp\/v2\/product\/347","targetHints":{"allow":["GET"]}}],"collection":[{"href":"https:\/\/www.monzacamper.it\/shop\/wp-json\/wp\/v2\/product"}],"about":[{"href":"https:\/\/www.monzacamper.it\/shop\/wp-json\/wp\/v2\/types\/product"}],"wp:featuredmedia":[{"embeddable":true,"href":"https:\/\/www.monzacamper.it\/shop\/wp-json\/wp\/v2\/media\/960"}],"wp:attachment":[{"href":"https:\/\/www.monzacamper.it\/shop\/wp-json\/wp\/v2\/media?parent=347"}],"wp:term":[{"taxonomy":"product_brand","embeddable":true,"href":"https:\/\/www.monzacamper.it\/shop\/wp-json\/wp\/v2\/product_brand?post=347"},{"taxonomy":"product_cat","embeddable":true,"href":"https:\/\/www.monzacamper.it\/shop\/wp-json\/wp\/v2\/product_cat?post=347"},{"taxonomy":"product_tag","embeddable":true,"href":"https:\/\/www.monzacamper.it\/shop\/wp-json\/wp\/v2\/product_tag?post=347"}],"curies":[{"name":"wp","href":"https:\/\/api.w.org\/{rel}","templated":true}]}}