{"id":310,"date":"2025-06-28T16:22:01","date_gmt":"2025-06-28T16:22:01","guid":{"rendered":"https:\/\/www.monzacamper.it\/shop\/?product=raptor-bridge"},"modified":"2026-05-10T01:37:36","modified_gmt":"2026-05-10T00:37:36","slug":"raptor-bridge","status":"publish","type":"product","link":"https:\/\/www.monzacamper.it\/shop\/prodotto\/raptor-bridge\/","title":{"rendered":"RAPTOR Bridge alarm"},"content":{"rendered":"<p>Il RAPTOR Bridge alarm \u00e8 un sistema di sicurezza avanzato per camper e caravan, progettato per offrire protezione e tranquillit\u00e0. Monitora attivamente l&#8217;ambiente, rilevando tentativi di intrusione o anomalie. Questo dispositivo \u00e8 essenziale per chi desidera viaggiare con maggiore serenit\u00e0, proteggendo il veicolo e i beni personali. Fornisce<\/p>\n<p><em>Scopri anche: <a href=\"https:\/\/www.monzacamper.it\/shop\/prodotto\/raccordo-dritto-maschio-f-3-4-d-o-13-mm\/\">Raccordo dritto maschio F 3\/4&#8243; \u2022 D \u00d8 13 mm<\/a>, <a href=\"https:\/\/www.monzacamper.it\/shop\/prodotto\/zanzariera-oscurante-nrf-1600-x-650-grigio\/\">Zanzariera\/oscurante NRF \u2022 1600 x 650 \u2022 grigio<\/a>.<\/em><\/p>\n","protected":false},"excerpt":{"rendered":"<p>Il RAPTOR Bridge alarm \u00e8 un sistema di sicurezza avanzato per camper e caravan, progettato per offrire protezione e tranquillit\u00e0. Monitora attivamente l&#8217;ambiente, rilevando tentativi di intrusione o anomalie. Questo dispositivo \u00e8 essenziale per chi desidera viaggiare con maggiore serenit\u00e0, proteggendo il veicolo e i beni personali. Fornisce Scopri anche: Raccordo dritto maschio F 3\/4&#8243; [&hellip;]<\/p>\n","protected":false},"featured_media":1054,"template":"","meta":[],"product_brand":[],"product_cat":[15],"product_tag":[],"class_list":{"0":"post-310","1":"product","2":"type-product","3":"status-publish","4":"has-post-thumbnail","6":"product_cat-senza-categoria","7":"product_shipping_class-peso-fino-2kg","9":"first","10":"outofstock","11":"taxable","12":"shipping-taxable","13":"purchasable","14":"product-type-simple"},"_links":{"self":[{"href":"https:\/\/www.monzacamper.it\/shop\/wp-json\/wp\/v2\/product\/310","targetHints":{"allow":["GET"]}}],"collection":[{"href":"https:\/\/www.monzacamper.it\/shop\/wp-json\/wp\/v2\/product"}],"about":[{"href":"https:\/\/www.monzacamper.it\/shop\/wp-json\/wp\/v2\/types\/product"}],"wp:featuredmedia":[{"embeddable":true,"href":"https:\/\/www.monzacamper.it\/shop\/wp-json\/wp\/v2\/media\/1054"}],"wp:attachment":[{"href":"https:\/\/www.monzacamper.it\/shop\/wp-json\/wp\/v2\/media?parent=310"}],"wp:term":[{"taxonomy":"product_brand","embeddable":true,"href":"https:\/\/www.monzacamper.it\/shop\/wp-json\/wp\/v2\/product_brand?post=310"},{"taxonomy":"product_cat","embeddable":true,"href":"https:\/\/www.monzacamper.it\/shop\/wp-json\/wp\/v2\/product_cat?post=310"},{"taxonomy":"product_tag","embeddable":true,"href":"https:\/\/www.monzacamper.it\/shop\/wp-json\/wp\/v2\/product_tag?post=310"}],"curies":[{"name":"wp","href":"https:\/\/api.w.org\/{rel}","templated":true}]}}