{"id":30211,"date":"2025-11-14T13:54:32","date_gmt":"2025-11-14T13:54:32","guid":{"rendered":"https:\/\/www.monzacamper.it\/shop\/?post_type=product&#038;p=30211"},"modified":"2026-04-04T01:37:41","modified_gmt":"2026-04-04T00:37:41","slug":"frigorifero-portatile-a-compressione-blizz-e-flex-56-litri","status":"publish","type":"product","link":"https:\/\/www.monzacamper.it\/shop\/prodotto\/frigorifero-portatile-a-compressione-blizz-e-flex-56-litri\/","title":{"rendered":"Raffreddatore a compressione Blizz  56 LT"},"content":{"rendered":"<div class=\"pb_tab_content info\">\n<div class=\"row\">\n<div class=\"col-lg-8\">\n<div class=\"pbt_info_text\">\n<p>Con dimensioni che vanno da 38 a 91 litri, BLIZZ-E FLEX ha una capacit\u00e0 impressionante, pur rimanendo facile da spostare grazie alle ruote integrate e alla barra di traino (sui modelli 73 e 91L). Inoltre, \u00e8 dotato di un tagliere rimovibile situato sulla parte superiore, perfetto per i vostri picnic. \u00c8 controllabile tramite l&#8217;applicazione Bluetooth, che offre una gestione totale, anche a distanza.<\/p>\n<p>Il frigorifero portatile BLIZZ-E FLEX \u00e8 compatibile con una batteria rimovibile opzionale, che consente di utilizzarlo anche senza una fonte di alimentazione diretta. Questo dispositivo \u00e8 ideale per gli avventurieri che desiderano godersi lunghe giornate all&#8217;aperto senza preoccuparsi dell&#8217;alimentazione elettrica. Con i suoi numerosi accessori opzionali, come i cestini portaoggetti o il vassoio scorrevole, \u00e8 pronto a soddisfare tutte le vostre esigenze.<\/p>\n<\/div>\n<\/div>\n<\/div>\n<\/div>\n<div class=\"pb_tab_content caracteristiques\">\n<div class=\"row\">\n<div class=\"col-lg-8\">\n<ul>\n<li>Tecnologia a compressione con intervallo di temperatura da -20 \u00b0C a +20 \u00b0C.<\/li>\n<li>2 zone modulabili grazie al divisorio rimovibile.<\/li>\n<li>Gas R600a, rispettoso dell&#8217;ambiente.<\/li>\n<li>Funziona a 12 V (cavo incluso) con opzione 220 V.<\/li>\n<li>Silenzioso: \u226445 dB<\/li>\n<li>Compressore a pistone<\/li>\n<li>Bluetooth per il controllo remoto tramite app.<\/li>\n<li>Rotelle e barra di traino integrate (sui modelli 79 e 91L).<\/li>\n<li>Tagliere rimovibile sulla parte superiore.<\/li>\n<li>Accessori opzionali: batteria rimovibile, cestelli portaoggetti, ripiano scorrevole, vaschetta per il ghiaccio, tagliere di ricambio.<\/li>\n<li>Dimensioni disponibili: 37,8 L, 47 L, 56,1 L, 73 L e 91 L.<\/li>\n<li>Tappo di scarico e illuminazione interna integrati.<\/li>\n<li>Con ingresso connettore per pannello solare<\/li>\n<\/ul>\n<p><strong>Caratteristiche<\/strong><\/p>\n<ul class=\"liste_caracteristiques\">\n<li>Tipo di alimentazione : 12 volts ; 24 volts V<\/li>\n<li>Colori : Noir; Gris<\/li>\n<li>Scomparto : Doppio<\/li>\n<li>Capacit\u00e0 : 56,1 l<\/li>\n<li>Dipende dalla temperatura esterna : No<\/li>\n<li>Funzione di riscaldamento : No<\/li>\n<li>Altezza : 57,1 cm<\/li>\n<li>Larghezza : 40 cm<\/li>\n<li>Capacit\u00e0 della bottiglia : 1,5<\/li>\n<li>Lunghezza : 64,7 cm<\/li>\n<li>Materiale : Polipropilene<\/li>\n<li>Modalit\u00e0 di comunicazione : Applicazione<\/li>\n<li>Modello : Blizz-E Flex 56<\/li>\n<li>Intervallo di temperatura controllato : da 20\u00b0C a -20\u00b0C \u00b0C<\/li>\n<li>Peso netto : 17,3 kg<\/li>\n<li>Potenza nominale : 60 W<\/li>\n<li>Tecnologia di raffreddamento : Compressione<\/li>\n<li>Tipo di apertura : Frontale<\/li>\n<\/ul>\n<\/div>\n<\/div>\n<\/div>\n","protected":false},"excerpt":{"rendered":"<p>BLIZZ-E FLEX si distingue per le sue due zone di temperatura modulabili, che \u00e8 possibile regolare a proprio piacimento grazie a un divisorio magnetico rimovibile. Che desideriate un unico grande spazio o due scomparti separati, questa borsa termica si adatta alle vostre esigenze. Ideale per chi ama la flessibilit\u00e0, \u00e8 perfetta sia per uscite di poche ore che per viaggi pi\u00f9 lunghi.<\/p>\n<p>&nbsp;<\/p>\n","protected":false},"featured_media":30212,"template":"","meta":[],"product_brand":[579],"product_cat":[568],"product_tag":[],"class_list":{"0":"post-30211","1":"product","2":"type-product","3":"status-publish","4":"has-post-thumbnail","6":"product_brand-eza","7":"product_cat-ghiacciaie-a-compressione","9":"first","10":"instock","11":"taxable","12":"shipping-taxable","13":"purchasable","14":"product-type-simple"},"_links":{"self":[{"href":"https:\/\/www.monzacamper.it\/shop\/wp-json\/wp\/v2\/product\/30211","targetHints":{"allow":["GET"]}}],"collection":[{"href":"https:\/\/www.monzacamper.it\/shop\/wp-json\/wp\/v2\/product"}],"about":[{"href":"https:\/\/www.monzacamper.it\/shop\/wp-json\/wp\/v2\/types\/product"}],"wp:featuredmedia":[{"embeddable":true,"href":"https:\/\/www.monzacamper.it\/shop\/wp-json\/wp\/v2\/media\/30212"}],"wp:attachment":[{"href":"https:\/\/www.monzacamper.it\/shop\/wp-json\/wp\/v2\/media?parent=30211"}],"wp:term":[{"taxonomy":"product_brand","embeddable":true,"href":"https:\/\/www.monzacamper.it\/shop\/wp-json\/wp\/v2\/product_brand?post=30211"},{"taxonomy":"product_cat","embeddable":true,"href":"https:\/\/www.monzacamper.it\/shop\/wp-json\/wp\/v2\/product_cat?post=30211"},{"taxonomy":"product_tag","embeddable":true,"href":"https:\/\/www.monzacamper.it\/shop\/wp-json\/wp\/v2\/product_tag?post=30211"}],"curies":[{"name":"wp","href":"https:\/\/api.w.org\/{rel}","templated":true}]}}