{"id":266,"date":"2025-06-28T16:21:51","date_gmt":"2025-06-28T16:21:51","guid":{"rendered":"https:\/\/www.monzacamper.it\/shop\/?product=rinodish-detergente-per-piatti-1l"},"modified":"2026-05-10T01:37:38","modified_gmt":"2026-05-10T00:37:38","slug":"rinodish-detergente-per-piatti-1l","status":"publish","type":"product","link":"https:\/\/www.monzacamper.it\/shop\/prodotto\/rinodish-detergente-per-piatti-1l\/","title":{"rendered":"RinoDISH detergente per piatti 1L"},"content":{"rendered":"<p>Il RinoDISH detergente per piatti 1L \u00e8 una soluzione specifica pensata per le esigenze di pulizia in ambienti mobili come camper, caravan e tende da campeggio. Questo prodotto \u00e8 formulato per affrontare lo sporco tipico delle stoviglie utilizzate in viaggio, dove l&#8217;accesso a grandi quantit\u00e0 d&#8217;acqua e detergenti tradizionali pu\u00f2 essere limitato. La sua<\/p>\n<p><em>Scopri anche: <a href=\"https:\/\/www.monzacamper.it\/shop\/prodotto\/contropiastra-in-acciaio-nichelato-blister\/\">Contropiastra in acciaio nichelato<\/a>, <a href=\"https:\/\/www.monzacamper.it\/shop\/prodotto\/flessibile-freno-stazionamento-ducato\/\">Flessibile freno stazionamento Ducato<\/a>.<\/em><\/p>\n","protected":false},"excerpt":{"rendered":"<p>Il RinoDISH detergente per piatti 1L \u00e8 una soluzione specifica pensata per le esigenze di pulizia in ambienti mobili come camper, caravan e tende da campeggio. Questo prodotto \u00e8 formulato per affrontare lo sporco tipico delle stoviglie utilizzate in viaggio, dove l&#8217;accesso a grandi quantit\u00e0 d&#8217;acqua e detergenti tradizionali pu\u00f2 essere limitato. La sua Scopri [&hellip;]<\/p>\n","protected":false},"featured_media":1165,"template":"","meta":[],"product_brand":[],"product_cat":[15],"product_tag":[],"class_list":{"0":"post-266","1":"product","2":"type-product","3":"status-publish","4":"has-post-thumbnail","6":"product_cat-senza-categoria","7":"product_shipping_class-peso-fino-2kg","9":"first","10":"instock","11":"taxable","12":"shipping-taxable","13":"purchasable","14":"product-type-simple"},"_links":{"self":[{"href":"https:\/\/www.monzacamper.it\/shop\/wp-json\/wp\/v2\/product\/266","targetHints":{"allow":["GET"]}}],"collection":[{"href":"https:\/\/www.monzacamper.it\/shop\/wp-json\/wp\/v2\/product"}],"about":[{"href":"https:\/\/www.monzacamper.it\/shop\/wp-json\/wp\/v2\/types\/product"}],"wp:featuredmedia":[{"embeddable":true,"href":"https:\/\/www.monzacamper.it\/shop\/wp-json\/wp\/v2\/media\/1165"}],"wp:attachment":[{"href":"https:\/\/www.monzacamper.it\/shop\/wp-json\/wp\/v2\/media?parent=266"}],"wp:term":[{"taxonomy":"product_brand","embeddable":true,"href":"https:\/\/www.monzacamper.it\/shop\/wp-json\/wp\/v2\/product_brand?post=266"},{"taxonomy":"product_cat","embeddable":true,"href":"https:\/\/www.monzacamper.it\/shop\/wp-json\/wp\/v2\/product_cat?post=266"},{"taxonomy":"product_tag","embeddable":true,"href":"https:\/\/www.monzacamper.it\/shop\/wp-json\/wp\/v2\/product_tag?post=266"}],"curies":[{"name":"wp","href":"https:\/\/api.w.org\/{rel}","templated":true}]}}