{"id":264,"date":"2025-06-28T16:21:51","date_gmt":"2025-06-28T16:21:51","guid":{"rendered":"https:\/\/www.monzacamper.it\/shop\/?product=disgregante-rinokem-fluid-fragranza-pino-2-l"},"modified":"2026-05-10T01:37:38","modified_gmt":"2026-05-10T00:37:38","slug":"disgregante-rinokem-fluid-fragranza-pino-2-l","status":"publish","type":"product","link":"https:\/\/www.monzacamper.it\/shop\/prodotto\/disgregante-rinokem-fluid-fragranza-pino-2-l\/","title":{"rendered":"Disgregante RinoKEM fluid fragranza pino  2 L"},"content":{"rendered":"<p>Il Disgregante RinoKEM fluid fragranza pino 2 L \u00e8 una soluzione essenziale per mantenere l&#8217;igiene e la funzionalit\u00e0 dei serbatoi WC in camper, caravan e imbarcazioni. Questo prodotto \u00e8 formulato per agire efficacemente sui<\/p>\n<p><em>Scopri anche: <a href=\"https:\/\/www.monzacamper.it\/shop\/prodotto\/pressacavo-pg-o-13-mm\/\">Pressacavo PG \u2022 \u00d8 13 mm<\/a>, <a href=\"https:\/\/www.monzacamper.it\/shop\/prodotto\/cavo-alimentazione-o-10-mm%c2%b2-nero\/\">Cavo alimentazione \u2022 \u00d8 10 mm\u00b2 \u2022 nero<\/a>.<\/em><\/p>\n","protected":false},"excerpt":{"rendered":"<p>Il Disgregante RinoKEM fluid fragranza pino 2 L \u00e8 una soluzione essenziale per mantenere l&#8217;igiene e la funzionalit\u00e0 dei serbatoi WC in camper, caravan e imbarcazioni. Questo prodotto \u00e8 formulato per agire efficacemente sui Scopri anche: Pressacavo PG \u2022 \u00d8 13 mm, Cavo alimentazione \u2022 \u00d8 10 mm\u00b2 \u2022 nero.<\/p>\n","protected":false},"featured_media":1161,"template":"","meta":[],"product_brand":[],"product_cat":[15],"product_tag":[],"class_list":{"0":"post-264","1":"product","2":"type-product","3":"status-publish","4":"has-post-thumbnail","6":"product_cat-senza-categoria","7":"product_shipping_class-pacchi-pesanti-piu-2kg","9":"first","10":"instock","11":"taxable","12":"shipping-taxable","13":"purchasable","14":"product-type-simple"},"_links":{"self":[{"href":"https:\/\/www.monzacamper.it\/shop\/wp-json\/wp\/v2\/product\/264","targetHints":{"allow":["GET"]}}],"collection":[{"href":"https:\/\/www.monzacamper.it\/shop\/wp-json\/wp\/v2\/product"}],"about":[{"href":"https:\/\/www.monzacamper.it\/shop\/wp-json\/wp\/v2\/types\/product"}],"wp:featuredmedia":[{"embeddable":true,"href":"https:\/\/www.monzacamper.it\/shop\/wp-json\/wp\/v2\/media\/1161"}],"wp:attachment":[{"href":"https:\/\/www.monzacamper.it\/shop\/wp-json\/wp\/v2\/media?parent=264"}],"wp:term":[{"taxonomy":"product_brand","embeddable":true,"href":"https:\/\/www.monzacamper.it\/shop\/wp-json\/wp\/v2\/product_brand?post=264"},{"taxonomy":"product_cat","embeddable":true,"href":"https:\/\/www.monzacamper.it\/shop\/wp-json\/wp\/v2\/product_cat?post=264"},{"taxonomy":"product_tag","embeddable":true,"href":"https:\/\/www.monzacamper.it\/shop\/wp-json\/wp\/v2\/product_tag?post=264"}],"curies":[{"name":"wp","href":"https:\/\/api.w.org\/{rel}","templated":true}]}}