{"id":2394,"date":"2025-07-15T08:29:20","date_gmt":"2025-07-15T08:29:20","guid":{"rendered":"https:\/\/www.monzacamper.it\/shop\/prodotto\/raffreddatore-a-compressione-blizz-e-one-35-litri-nero-grigio\/"},"modified":"2026-04-04T01:37:41","modified_gmt":"2026-04-04T00:37:41","slug":"raffreddatore-a-compressione-blizz-e-one-35-litri-nero-grigio","status":"publish","type":"product","link":"https:\/\/www.monzacamper.it\/shop\/prodotto\/raffreddatore-a-compressione-blizz-e-one-35-litri-nero-grigio\/","title":{"rendered":"Raffreddatore a compressione Blizz 35 LT nero\/grigio"},"content":{"rendered":"<p>Tecnologia a compressione, funziona a qualsiasi temperatura esterna.Temperatura regolabile da -20\u00b0C a +20\u00b0C.Gas R600a ecologico.Struttura in polipropilene resistente.Funzionamento a 12 V (cavo incluso) e opzione a 220 V.Display a LED per un facile controllo della temperatura.1 zona a temperatura singola.Dimensioni disponibili: 9L, 11L, 26,8L e 35,3L.Tappo di scarico integrato e illuminazione interna (sui modelli 26.8L e 35.3L).Divisorio in metallo (sui modelli 26.8L e 35.3L). Caratteristiche :<\/p>\n","protected":false},"excerpt":{"rendered":"<p>Un compagno di viaggio essenzialeLa borsa termica BLIZZ-E ONE \u00e8 pensata per i viaggiatori che cercano semplicit\u00e0 ed efficienza. Questa borsa termica a compressione, dotata della pi\u00f9 recente tecnologia, assicura una temperatura stabile, indipendentemente dal mondo esterno. Grazie al funzionamento a 12 o 220 V (opzionale), pu\u00f2 essere utilizzata in tutti i veicoli per il tempo libero, sotto la tenda, in spiaggia o persino in giardino. Con un intervallo di temperatura regolabile da -20\u00b0C a +20\u00b0C, pu\u00f2 non solo refrigerare, ma anche congelare il suo cibo, assicurando che rimanga fresco durante i suoi viaggi.Diverse dimensioni per soddisfare le sue esigenzeDisponibile nei formati da 9, 11, 26,8 e 35,3 litri, la borsa frigo BLIZZ-E ONE \u00e8 perfetta per tutte le sue uscite, dai weekend in campeggio alle lunghe avventure in viaggio. I modelli pi\u00f9 grandi (26,8 e 35,3 litri) sono dotati di un tappo di scarico integrato per una facile pulizia, oltre all&#8217;illuminazione interna per un facile accesso, anche di notte. I modelli pi\u00f9 grandi includono un divisorio in metallo per aiutarla a organizzare le sue provviste.Prestazioni e praticit\u00e0 combinateGrazie alle due modalit\u00e0 di funzionamento, &#8220;Modalit\u00e0 veloce&#8221; e &#8220;Modalit\u00e0 Eco&#8221;, BLIZZ-E ONE le permette di scegliere tra le massime prestazioni per raffreddare rapidamente i cibi e il risparmio energetico per prolungarne l&#8217;utilizzo. Il suo intuitivo display a LED semplifica la gestione della temperatura, offrendole un controllo preciso e senza sforzo.<\/p>\n","protected":false},"featured_media":2674,"template":"","meta":[],"product_brand":[579],"product_cat":[568],"product_tag":[],"class_list":{"0":"post-2394","1":"product","2":"type-product","3":"status-publish","4":"has-post-thumbnail","6":"product_brand-eza","7":"product_cat-ghiacciaie-a-compressione","8":"product_shipping_class-pacchi-pesanti-piu-2kg","10":"first","11":"instock","12":"taxable","13":"shipping-taxable","14":"purchasable","15":"product-type-simple"},"_links":{"self":[{"href":"https:\/\/www.monzacamper.it\/shop\/wp-json\/wp\/v2\/product\/2394","targetHints":{"allow":["GET"]}}],"collection":[{"href":"https:\/\/www.monzacamper.it\/shop\/wp-json\/wp\/v2\/product"}],"about":[{"href":"https:\/\/www.monzacamper.it\/shop\/wp-json\/wp\/v2\/types\/product"}],"wp:featuredmedia":[{"embeddable":true,"href":"https:\/\/www.monzacamper.it\/shop\/wp-json\/wp\/v2\/media\/2674"}],"wp:attachment":[{"href":"https:\/\/www.monzacamper.it\/shop\/wp-json\/wp\/v2\/media?parent=2394"}],"wp:term":[{"taxonomy":"product_brand","embeddable":true,"href":"https:\/\/www.monzacamper.it\/shop\/wp-json\/wp\/v2\/product_brand?post=2394"},{"taxonomy":"product_cat","embeddable":true,"href":"https:\/\/www.monzacamper.it\/shop\/wp-json\/wp\/v2\/product_cat?post=2394"},{"taxonomy":"product_tag","embeddable":true,"href":"https:\/\/www.monzacamper.it\/shop\/wp-json\/wp\/v2\/product_tag?post=2394"}],"curies":[{"name":"wp","href":"https:\/\/api.w.org\/{rel}","templated":true}]}}