{"id":2393,"date":"2025-07-15T08:29:20","date_gmt":"2025-07-15T08:29:20","guid":{"rendered":"https:\/\/www.monzacamper.it\/shop\/prodotto\/condizionatore-daria-smart-power-2700w\/"},"modified":"2026-04-04T01:37:41","modified_gmt":"2026-04-04T00:37:41","slug":"condizionatore-daria-smart-power-2700w","status":"publish","type":"product","link":"https:\/\/www.monzacamper.it\/shop\/prodotto\/condizionatore-daria-smart-power-2700w\/","title":{"rendered":"Condizionatore d&#8217;aria Smart POWER 2700W"},"content":{"rendered":"<p>Tipo: condizionatore d&#8217;aria da tetto<\/p>\n<p>Refrigerante: R32Caldo\/freddo reversibile: S\u00ec<\/p>\n<p>Potenza termica: 2500W \/ 8530 Btu\/h<\/p>\n<p>Picco di corrente di avvio: nessuno \/ avvio morbido (Gamme di temperatura di funzionamento: Caldo: da -5\u00b0C a +24\u00b0C Freddo: +18\u00b0C a +46\u00b0C<\/p>\n<p>Livello di rumore: 43-54 dBA<\/p>\n<p>Flusso d&#8217;aria minimo\/massimo: 225 &#8211; 340 m3\/h<\/p>\n<p>Diffusore: Extra sottile a 2 usciteIlluminazione: Ambientale &#8211; LED<\/p>\n<p>Colori: biancoMontaggio sull&#8217;apertura: 40 x 40 cm<\/p>\n<p>Pendenza di funzionamento massima: 0.08%<\/p>\n<p>Dimensioni del modulo esterno (L x L x A): 1077 x 720 x 283 mm<\/p>\n<p>Dimensioni del diffusore (L x L x A): 610 x 485 x 49 mm<\/p>\n<p>Peso netto del modulo esterno: 29,5KG<\/p>\n<p>Peso netto del diffusore: 2.7KG<\/p>\n<p>Consegnato con: telecomando multifunzione, unit\u00e0 di raffreddamento e diffusore, viti e bulloni in acciaio inoxIndice di protezione: IPX4 Certificazioni \/ approvazioni: CE compatibile con l&#8217;ambiente R10 Garanzia: 24 mesi Caratteristiche : Potenza di raffreddamento: 2650W \/ 9042 Btu\/h SEER: 2,79Consumo di raffreddamento: Modalit\u00e0 Turbo: 1025W \/ 4,4A Modalit\u00e0 Normale: 950W \/ 4,2A Modalit\u00e0 Regolazione: 550W \/ 2,5A SCOP: 3.21Consumo di calore:Modalit\u00e0 Turbo: 970W \/ 4,2A Modalit\u00e0 Normale: 780W \/ 3,4A Modalit\u00e0 Regolazione: 430W \/ 1,9A Dimensioni del veicolo consigliate: 7-8 metri<\/p>\n","protected":false},"excerpt":{"rendered":"<p>I condizionatori da tetto SMART POWER sono dotati della tecnologia di compressione INVERTER, pi\u00f9 discreta ed economica rispetto ai compressori tradizionali. Sono disponibili in 2 modelli, 2700W e 3600W, per una potenza massima con un consumo energetico molto ridotto. Il loro design combina questa nuova tecnologia di compressione con un assemblaggio meticoloso grazie a Silentbloc, rendendo SMART POWER uno dei pi\u00f9 silenziosi sul mercato (tra 40 e 50 dB). Dotato di una pompa di calore reversibile, pu\u00f2 fornire aria di raffreddamento o di riscaldamento con una gamma di temperature regolabili da 16 a 30\u00b0C. La modalit\u00e0 caldo consente il funzionamento anche a temperature inferiori allo zero, e pu\u00f2 avviarsi a -5\u00b0C. La tecnologia inverter consente un avvio morbido senza picchi di corrente (I climatizzatori da tetto Eza utilizzano il gas refrigerante R32, pi\u00f9 ecologico in termini di emissioni di CO\u00b2. \u00c8 2 volte pi\u00f9 ecologico dell&#8217;R134A e 4 volte pi\u00f9 dell&#8217;R410A. Attualmente \u00e8 lo standard pi\u00f9 sicuro ed ecologico autorizzato per la produzione di refrigeranti. L&#8217;erogatore di condizionatori da tetto Eza \u00e8 dotato di illuminazione ambientale e di un display LCD. Grazie alle sue dimensioni extra-sottili, pu\u00f2 essere installato sul lucernario centrale o in camera da letto.<\/p>\n","protected":false},"featured_media":2672,"template":"","meta":[],"product_brand":[579],"product_cat":[567],"product_tag":[],"class_list":{"0":"post-2393","1":"product","2":"type-product","3":"status-publish","4":"has-post-thumbnail","6":"product_brand-eza","7":"product_cat-condizionatori-da-tetto","8":"product_shipping_class-pacchi-pesanti-piu-2kg","10":"first","11":"instock","12":"taxable","13":"shipping-taxable","14":"purchasable","15":"product-type-simple"},"_links":{"self":[{"href":"https:\/\/www.monzacamper.it\/shop\/wp-json\/wp\/v2\/product\/2393","targetHints":{"allow":["GET"]}}],"collection":[{"href":"https:\/\/www.monzacamper.it\/shop\/wp-json\/wp\/v2\/product"}],"about":[{"href":"https:\/\/www.monzacamper.it\/shop\/wp-json\/wp\/v2\/types\/product"}],"wp:featuredmedia":[{"embeddable":true,"href":"https:\/\/www.monzacamper.it\/shop\/wp-json\/wp\/v2\/media\/2672"}],"wp:attachment":[{"href":"https:\/\/www.monzacamper.it\/shop\/wp-json\/wp\/v2\/media?parent=2393"}],"wp:term":[{"taxonomy":"product_brand","embeddable":true,"href":"https:\/\/www.monzacamper.it\/shop\/wp-json\/wp\/v2\/product_brand?post=2393"},{"taxonomy":"product_cat","embeddable":true,"href":"https:\/\/www.monzacamper.it\/shop\/wp-json\/wp\/v2\/product_cat?post=2393"},{"taxonomy":"product_tag","embeddable":true,"href":"https:\/\/www.monzacamper.it\/shop\/wp-json\/wp\/v2\/product_tag?post=2393"}],"curies":[{"name":"wp","href":"https:\/\/api.w.org\/{rel}","templated":true}]}}