{"id":2389,"date":"2025-07-15T08:29:19","date_gmt":"2025-07-15T08:29:19","guid":{"rendered":"https:\/\/www.monzacamper.it\/shop\/prodotto\/tavolo-allegria-4-persone\/"},"modified":"2026-05-10T01:37:39","modified_gmt":"2026-05-10T00:37:39","slug":"tavolo-allegria-4-persone","status":"publish","type":"product","link":"https:\/\/www.monzacamper.it\/shop\/prodotto\/tavolo-allegria-4-persone\/","title":{"rendered":"Tavolo All\u00e9gria 4 persone"},"content":{"rendered":"<p>Il Tavolo All\u00e9gria 4 persone Soplair \u00e8 un accessorio indispensabile per camper e caravan, pensato per ottimizzare lo spazio e il comfort durante le soste. Ideale per i pasti all&#8217;aperto o come superficie di appoggio versatile, si adatta perfettamente alle esigenze di una famiglia o di un gruppo<\/p>\n<p><em>Scopri anche: <a href=\"https:\/\/www.monzacamper.it\/shop\/categoria-prodotto\/tabelle\/\">Tabelle<\/a>, <a href=\"https:\/\/www.monzacamper.it\/shop\/prodotto\/tavolo-allegria-2-persone\/\">Tavolo All\u00e9gria 2 persone<\/a>, <a href=\"https:\/\/www.monzacamper.it\/shop\/prodotto\/tavolo-flex-bamboo\/\">Tavolo Flex Bamboo<\/a>.<\/em><\/p>\n","protected":false},"excerpt":{"rendered":"<p>4 GAMBE REGOLABILI IN ALTEZZA<\/p>\n<p>Caratteristiche : Dimensioni aperte (L x P x A): 115 x 68 x 55\/75 cm.Dimensioni ripiegate (L x P x A): 115 x 68 x 7cm.Peso netto: 8,8 kg.Carico massimo: 30 kg.<\/p>\n","protected":false},"featured_media":2686,"template":"","meta":[],"product_brand":[585],"product_cat":[409],"product_tag":[],"class_list":{"0":"post-2389","1":"product","2":"type-product","3":"status-publish","4":"has-post-thumbnail","6":"product_brand-soplair","7":"product_cat-tabelle","8":"product_shipping_class-pacchi-pesanti-piu-2kg","10":"first","11":"instock","12":"sale","13":"taxable","14":"shipping-taxable","15":"purchasable","16":"product-type-simple"},"_links":{"self":[{"href":"https:\/\/www.monzacamper.it\/shop\/wp-json\/wp\/v2\/product\/2389","targetHints":{"allow":["GET"]}}],"collection":[{"href":"https:\/\/www.monzacamper.it\/shop\/wp-json\/wp\/v2\/product"}],"about":[{"href":"https:\/\/www.monzacamper.it\/shop\/wp-json\/wp\/v2\/types\/product"}],"wp:featuredmedia":[{"embeddable":true,"href":"https:\/\/www.monzacamper.it\/shop\/wp-json\/wp\/v2\/media\/2686"}],"wp:attachment":[{"href":"https:\/\/www.monzacamper.it\/shop\/wp-json\/wp\/v2\/media?parent=2389"}],"wp:term":[{"taxonomy":"product_brand","embeddable":true,"href":"https:\/\/www.monzacamper.it\/shop\/wp-json\/wp\/v2\/product_brand?post=2389"},{"taxonomy":"product_cat","embeddable":true,"href":"https:\/\/www.monzacamper.it\/shop\/wp-json\/wp\/v2\/product_cat?post=2389"},{"taxonomy":"product_tag","embeddable":true,"href":"https:\/\/www.monzacamper.it\/shop\/wp-json\/wp\/v2\/product_tag?post=2389"}],"curies":[{"name":"wp","href":"https:\/\/api.w.org\/{rel}","templated":true}]}}