{"id":2387,"date":"2025-07-15T08:29:19","date_gmt":"2025-07-15T08:29:19","guid":{"rendered":"https:\/\/www.monzacamper.it\/shop\/prodotto\/tavolo-amica-4-persone\/"},"modified":"2026-05-10T01:37:39","modified_gmt":"2026-05-10T00:37:39","slug":"tavolo-amica-4-persone","status":"publish","type":"product","link":"https:\/\/www.monzacamper.it\/shop\/prodotto\/tavolo-amica-4-persone\/","title":{"rendered":"Tavolo Amica 4 persone"},"content":{"rendered":"<p>Il Tavolo Amica 4 persone \u00e8 la soluzione ideale per chi viaggia in camper, caravan o desidera un supporto affidabile per le attivit\u00e0 all&#8217;aria aperta. Progettato per ospitare comodamente quattro persone, questo tavolo si integra perfettamente nell&#8217;equipaggiamento da campeggio. Off<\/p>\n<p><em>Scopri anche: <a href=\"https:\/\/www.monzacamper.it\/shop\/categoria-prodotto\/tabelle\/\">Tabelle<\/a>, <a href=\"https:\/\/www.monzacamper.it\/shop\/prodotto\/tavoli-pieghevoli-gap-less-grigio-6-persone\/\">Tavoli pieghevoli Gap Less Grigio 6 persone<\/a>, <a href=\"https:\/\/www.monzacamper.it\/shop\/prodotto\/tavolo-allegria-2-persone\/\">Tavolo All\u00e9gria 2 persone<\/a>.<\/em><\/p>\n","protected":false},"excerpt":{"rendered":"<p>Che si tratti di un t\u00eate-\u00e0-t\u00eate o di un pasto per quattro persone, pu\u00f2 portare questo tavolo leggero con s\u00e9 ovunque vada con facilit\u00e0! Sono finiti i tempi delle gambe in acciaio instabili che si piegano quando vengono piegate: il telaio e il piano in alluminio del tavolo Amica gli conferiscono grande stabilit\u00e0 e resistenza! Grazie alle sue gambe regolabili, pu\u00f2 sedersi su qualsiasi superficie, sia per una pausa caff\u00e8 di 5 minuti che per un pasto serale. Alla fine del pasto, non dovr\u00e0 preoccuparsi di macchie ostinate: baster\u00e0 pulire la superficie con una spugna.<\/p>\n","protected":false},"featured_media":3039,"template":"","meta":[],"product_brand":[585],"product_cat":[409],"product_tag":[],"class_list":{"0":"post-2387","1":"product","2":"type-product","3":"status-publish","4":"has-post-thumbnail","6":"product_brand-soplair","7":"product_cat-tabelle","8":"product_shipping_class-pacchi-pesanti-piu-2kg","10":"first","11":"instock","12":"taxable","13":"shipping-taxable","14":"purchasable","15":"product-type-simple"},"_links":{"self":[{"href":"https:\/\/www.monzacamper.it\/shop\/wp-json\/wp\/v2\/product\/2387","targetHints":{"allow":["GET"]}}],"collection":[{"href":"https:\/\/www.monzacamper.it\/shop\/wp-json\/wp\/v2\/product"}],"about":[{"href":"https:\/\/www.monzacamper.it\/shop\/wp-json\/wp\/v2\/types\/product"}],"wp:featuredmedia":[{"embeddable":true,"href":"https:\/\/www.monzacamper.it\/shop\/wp-json\/wp\/v2\/media\/3039"}],"wp:attachment":[{"href":"https:\/\/www.monzacamper.it\/shop\/wp-json\/wp\/v2\/media?parent=2387"}],"wp:term":[{"taxonomy":"product_brand","embeddable":true,"href":"https:\/\/www.monzacamper.it\/shop\/wp-json\/wp\/v2\/product_brand?post=2387"},{"taxonomy":"product_cat","embeddable":true,"href":"https:\/\/www.monzacamper.it\/shop\/wp-json\/wp\/v2\/product_cat?post=2387"},{"taxonomy":"product_tag","embeddable":true,"href":"https:\/\/www.monzacamper.it\/shop\/wp-json\/wp\/v2\/product_tag?post=2387"}],"curies":[{"name":"wp","href":"https:\/\/api.w.org\/{rel}","templated":true}]}}