{"id":2385,"date":"2025-07-15T08:29:19","date_gmt":"2025-07-15T08:29:19","guid":{"rendered":"https:\/\/www.monzacamper.it\/shop\/prodotto\/tavolo-flex-bamboo\/"},"modified":"2026-05-10T01:37:39","modified_gmt":"2026-05-10T00:37:39","slug":"tavolo-flex-bamboo","status":"publish","type":"product","link":"https:\/\/www.monzacamper.it\/shop\/prodotto\/tavolo-flex-bamboo\/","title":{"rendered":"Tavolo Flex Bamboo"},"content":{"rendered":"<p>Il Tavolo Flex Bamboo rappresenta una soluzione ottimale per chi cerca funzionalit\u00e0 e design negli accessori per camper, caravan e la vita all&#8217;aria aperta. Questo tavolo portatile \u00e8 progettato per offrire una superficie stabile e affidabile per diverse attivit\u00e0, dalla preparazione dei pasti al relax, rendendo ogni sosta pi\u00f9 confortevole e organizzata. La sua versatilit\u00e0 lo rende un complemento indispensabile<\/p>\n<p><em>Scopri anche: <a href=\"https:\/\/www.monzacamper.it\/shop\/categoria-prodotto\/tabelle\/\">Tabelle<\/a>, <a href=\"https:\/\/www.monzacamper.it\/shop\/prodotto\/tavolo-allegria-2-persone\/\">Tavolo All\u00e9gria 2 persone<\/a>, <a href=\"https:\/\/www.monzacamper.it\/shop\/prodotto\/tavolo-allegria-4-persone\/\">Tavolo All\u00e9gria 4 persone<\/a>.<\/em><\/p>\n","protected":false},"excerpt":{"rendered":"<p>Tavolo di design con piano in bamb\u00f9 naturale che si ripiega in quattro per lei! \u00c8 facile da trasportare e riporre grazie al piano arrotolabile con 4 doghe e alle gambe pieghevoli. Le sue gambe in alluminio possono essere regolate in altezza da 43 a 70 cm mediante un sistema rotante, in modo da adattarsi a tutti i tipi di pavimento. Borsa da trasporto inclusa.<\/p>\n","protected":false},"featured_media":2684,"template":"","meta":[],"product_brand":[],"product_cat":[409],"product_tag":[],"class_list":{"0":"post-2385","1":"product","2":"type-product","3":"status-publish","4":"has-post-thumbnail","6":"product_cat-tabelle","7":"product_shipping_class-pacchi-pesanti-piu-2kg","9":"first","10":"instock","11":"taxable","12":"shipping-taxable","13":"purchasable","14":"product-type-simple"},"_links":{"self":[{"href":"https:\/\/www.monzacamper.it\/shop\/wp-json\/wp\/v2\/product\/2385","targetHints":{"allow":["GET"]}}],"collection":[{"href":"https:\/\/www.monzacamper.it\/shop\/wp-json\/wp\/v2\/product"}],"about":[{"href":"https:\/\/www.monzacamper.it\/shop\/wp-json\/wp\/v2\/types\/product"}],"wp:featuredmedia":[{"embeddable":true,"href":"https:\/\/www.monzacamper.it\/shop\/wp-json\/wp\/v2\/media\/2684"}],"wp:attachment":[{"href":"https:\/\/www.monzacamper.it\/shop\/wp-json\/wp\/v2\/media?parent=2385"}],"wp:term":[{"taxonomy":"product_brand","embeddable":true,"href":"https:\/\/www.monzacamper.it\/shop\/wp-json\/wp\/v2\/product_brand?post=2385"},{"taxonomy":"product_cat","embeddable":true,"href":"https:\/\/www.monzacamper.it\/shop\/wp-json\/wp\/v2\/product_cat?post=2385"},{"taxonomy":"product_tag","embeddable":true,"href":"https:\/\/www.monzacamper.it\/shop\/wp-json\/wp\/v2\/product_tag?post=2385"}],"curies":[{"name":"wp","href":"https:\/\/api.w.org\/{rel}","templated":true}]}}