{"id":2375,"date":"2025-07-15T08:29:17","date_gmt":"2025-07-15T08:29:17","guid":{"rendered":"https:\/\/www.monzacamper.it\/shop\/prodotto\/poggiagambe-ultimo-grigio\/"},"modified":"2026-05-10T01:37:39","modified_gmt":"2026-05-10T00:37:39","slug":"poggiagambe-ultimo-grigio","status":"publish","type":"product","link":"https:\/\/www.monzacamper.it\/shop\/prodotto\/poggiagambe-ultimo-grigio\/","title":{"rendered":"Poggiagambe Ultimo Grigio"},"content":{"rendered":"<p>Il Poggiagambe Ultimo Grigio \u00e8 un accessorio essenziale per chi cerca il massimo comfort nelle proprie avventure in camper, caravan o tenda. Progettato per offrire un supporto ergonomico ottimale alle gambe, questo poggiagambe trasforma ogni sosta in un momento di puro relax. \u00c8 ideale per migliorare il benessere generale durante il<\/p>\n<p><em>Scopri anche: <a href=\"https:\/\/www.monzacamper.it\/shop\/prodotto\/kit-raccordo-curvo-maschio-f-1-2-d-o-15-mm\/\">Kit raccordo curvo maschio \u2022 F 1\/2&#8243; \u2022 D \u00d8 15 mm<\/a>, <a href=\"https:\/\/www.monzacamper.it\/shop\/prodotto\/manicotto-dritto-o-12-mm\/\">Manicotto dritto \u2022 \u00d8 12 mm<\/a>.<\/em><\/p>\n","protected":false},"excerpt":{"rendered":"<p>Abbini il poggiagambe Ultimo alla sua poltrona per dare sollievo alle sue gambe a fine giornata. Il suo sistema di fissaggio integrato lo manterr\u00e0 perfettamente in posizione per una grande stabilit\u00e0. Ultra-compatto, \u00e8 l&#8217;accessorio essenziale per un momento di riposo sotto un albero, vicino a un ruscello o anche sotto il tendalino della sua auto.<\/p>\n","protected":false},"featured_media":2688,"template":"","meta":[],"product_brand":[585],"product_cat":[15],"product_tag":[],"class_list":{"0":"post-2375","1":"product","2":"type-product","3":"status-publish","4":"has-post-thumbnail","6":"product_brand-soplair","7":"product_cat-senza-categoria","9":"first","10":"instock","11":"taxable","12":"shipping-taxable","13":"purchasable","14":"product-type-simple"},"_links":{"self":[{"href":"https:\/\/www.monzacamper.it\/shop\/wp-json\/wp\/v2\/product\/2375","targetHints":{"allow":["GET"]}}],"collection":[{"href":"https:\/\/www.monzacamper.it\/shop\/wp-json\/wp\/v2\/product"}],"about":[{"href":"https:\/\/www.monzacamper.it\/shop\/wp-json\/wp\/v2\/types\/product"}],"wp:featuredmedia":[{"embeddable":true,"href":"https:\/\/www.monzacamper.it\/shop\/wp-json\/wp\/v2\/media\/2688"}],"wp:attachment":[{"href":"https:\/\/www.monzacamper.it\/shop\/wp-json\/wp\/v2\/media?parent=2375"}],"wp:term":[{"taxonomy":"product_brand","embeddable":true,"href":"https:\/\/www.monzacamper.it\/shop\/wp-json\/wp\/v2\/product_brand?post=2375"},{"taxonomy":"product_cat","embeddable":true,"href":"https:\/\/www.monzacamper.it\/shop\/wp-json\/wp\/v2\/product_cat?post=2375"},{"taxonomy":"product_tag","embeddable":true,"href":"https:\/\/www.monzacamper.it\/shop\/wp-json\/wp\/v2\/product_tag?post=2375"}],"curies":[{"name":"wp","href":"https:\/\/api.w.org\/{rel}","templated":true}]}}