{"id":2368,"date":"2025-07-15T08:29:16","date_gmt":"2025-07-15T08:29:16","guid":{"rendered":"https:\/\/www.monzacamper.it\/shop\/prodotto\/sedia-pieghevole-cottage\/"},"modified":"2026-05-10T01:37:39","modified_gmt":"2026-05-10T00:37:39","slug":"sedia-pieghevole-cottage","status":"publish","type":"product","link":"https:\/\/www.monzacamper.it\/shop\/prodotto\/sedia-pieghevole-cottage\/","title":{"rendered":"SEDIA SOPLAIR pieghevole COTTAGE AZZURRA"},"content":{"rendered":"<p>La Sedia pieghevole COTTAGE AZZURRA di Soplair \u00e8 l&#8217;accessorio ideale per chi ama la vita all&#8217;aria aperta con camper o caravan. Progettata per offrire comfort e praticit\u00e0, si integra perfettamente in ogni ambiente outdoor. La sua leggerezza e<\/p>\n<p><em>Scopri anche: <a href=\"https:\/\/www.monzacamper.it\/shop\/categoria-prodotto\/outdoor\/\">OUTDOOR<\/a>, <a href=\"https:\/\/www.monzacamper.it\/shop\/prodotto\/carrello-pick-up\/\">Carrello Pick Up<\/a>, <a href=\"https:\/\/www.monzacamper.it\/shop\/prodotto\/sedia-cruiser-blu\/\">Sedia Cruiser<\/a>.<\/em><\/p>\n","protected":false},"excerpt":{"rendered":"<p>Estetica, robusta e poco ingombranteLa sedia Cottage in poliestere 600D \u00e8 perfetta per creare un&#8217;atmosfera conviviale durante i pasti. Grazie ai suoi braccioli, che scorrono facilmente sotto il tavolo, offre una posizione ideale per una seduta confortevole. Il robusto telaio in acciaio e le ampie gambe regolabili assicurano una grande stabilit\u00e0. Inoltre, una volta piegato, \u00e8 discreto e facile da riporre.Materiali leggeri e di qualit\u00e0Il poliestere 600D \u00e8 un materiale robusto e resistente. \u00c8 progettato per resistere all&#8217;usura e agli agenti atmosferici, il che significa che la sua sedia pieghevole pu\u00f2 durare a lungo, anche in condizioni difficili.\u00c8 naturalmente resistente all&#8217;acqua, quindi \u00e8 meno probabile che si deteriori se esposto all&#8217;umidit\u00e0 o a docce leggere. Questo lo rende una scelta ideale per l&#8217;uso all&#8217;aperto.Il poliestere \u00e8 un materiale leggero, che rende la sedia pieghevole facile da trasportare. Pu\u00f2 trasportarla facilmente da un luogo all&#8217;altro, sia che si tratti di un picnic, di un campeggio, di un evento sportivo o di una giornata in spiaggia.La porti con s\u00e9 ovunqueCome suggerisce il nome, la sedia pieghevole Cottage in poliestere di Soplair \u00e8 progettata per essere facilmente piegata e dispiegata. Questo la rende estremamente pratica per il trasporto e la conservazione. Pu\u00f2 essere riposta nel bagagliaio del veicolo, sotto un sedile o una panchina.\u00c8 particolarmente adatto a un&#8217;ampia variet\u00e0 di attivit\u00e0 all&#8217;aperto, come picnic, festival, campeggio, eventi sportivi, barbecue, gite in spiaggia e cos\u00ec via.Ma \u00e8 anche molto pratico per l&#8217;uso in interni, in occasione di riunioni o cene improvvisate!<\/p>\n","protected":false},"featured_media":2690,"template":"","meta":[],"product_brand":[],"product_cat":[41,1670],"product_tag":[],"class_list":{"0":"post-2368","1":"product","2":"type-product","3":"status-publish","4":"has-post-thumbnail","6":"product_cat-outdoor","7":"product_cat-sedie-e-poltrone","8":"product_shipping_class-pacchi-pesanti-piu-2kg","10":"first","11":"instock","12":"taxable","13":"shipping-taxable","14":"purchasable","15":"product-type-simple"},"_links":{"self":[{"href":"https:\/\/www.monzacamper.it\/shop\/wp-json\/wp\/v2\/product\/2368","targetHints":{"allow":["GET"]}}],"collection":[{"href":"https:\/\/www.monzacamper.it\/shop\/wp-json\/wp\/v2\/product"}],"about":[{"href":"https:\/\/www.monzacamper.it\/shop\/wp-json\/wp\/v2\/types\/product"}],"wp:featuredmedia":[{"embeddable":true,"href":"https:\/\/www.monzacamper.it\/shop\/wp-json\/wp\/v2\/media\/2690"}],"wp:attachment":[{"href":"https:\/\/www.monzacamper.it\/shop\/wp-json\/wp\/v2\/media?parent=2368"}],"wp:term":[{"taxonomy":"product_brand","embeddable":true,"href":"https:\/\/www.monzacamper.it\/shop\/wp-json\/wp\/v2\/product_brand?post=2368"},{"taxonomy":"product_cat","embeddable":true,"href":"https:\/\/www.monzacamper.it\/shop\/wp-json\/wp\/v2\/product_cat?post=2368"},{"taxonomy":"product_tag","embeddable":true,"href":"https:\/\/www.monzacamper.it\/shop\/wp-json\/wp\/v2\/product_tag?post=2368"}],"curies":[{"name":"wp","href":"https:\/\/api.w.org\/{rel}","templated":true}]}}