{"id":2366,"date":"2025-07-15T08:29:15","date_gmt":"2025-07-15T08:29:15","guid":{"rendered":"https:\/\/www.monzacamper.it\/shop\/prodotto\/poltrona-director-bahia\/"},"modified":"2026-05-10T01:37:39","modified_gmt":"2026-05-10T00:37:39","slug":"poltrona-director-bahia","status":"publish","type":"product","link":"https:\/\/www.monzacamper.it\/shop\/prodotto\/poltrona-director-bahia\/","title":{"rendered":"SEDIA REGISTA SOPLAIR BAHIA"},"content":{"rendered":"<p>La Sedia Regista Soplaia Bahia rappresenta la scelta ideale per chi cerca comfort e funzionalit\u00e0 negli spazi esterni del proprio camper o caravan. Progettata per offrire una seduta stabile e rilassante, si adatta perfettamente a momenti di pausa durante il viaggio, cene all&#8217;aperto o semplicemente per godere del panorama in sosta. Un accessorio<\/p>\n<p><em>Scopri anche: <a href=\"https:\/\/www.monzacamper.it\/shop\/categoria-prodotto\/outdoor\/\">OUTDOOR<\/a>, <a href=\"https:\/\/www.monzacamper.it\/shop\/prodotto\/midday-set-dolomit-white-12pz\/\">Midday Set Dolomit White (12pz)<\/a>, <a href=\"https:\/\/www.monzacamper.it\/shop\/prodotto\/tenda-antizanzare-zanzibar-l-100x200cm\/\">Tenda antizanzare Zanzibar L 100x200cm<\/a>.<\/em><\/p>\n","protected":false},"excerpt":{"rendered":"<p>La sedia da regista Bahia di Soplair \u00e8 un classico senza tempo!Amer\u00e0 il suo stile senza tempo, direttamente dal teatro! Compatta e leggera come i suoi predecessori, il nuovo modello \u00e8 dotato di un tessuto a rete 3D grigio topo per un maggiore comfort e traspirabilit\u00e0. Che sia in campeggio, in un furgone, in un van o anche in giardino, la amer\u00e0.<\/p>\n","protected":false},"featured_media":2695,"template":"","meta":[],"product_brand":[],"product_cat":[41,1670],"product_tag":[],"class_list":{"0":"post-2366","1":"product","2":"type-product","3":"status-publish","4":"has-post-thumbnail","6":"product_cat-outdoor","7":"product_cat-sedie-e-poltrone","8":"product_shipping_class-pacchi-pesanti-piu-2kg","10":"first","11":"instock","12":"taxable","13":"shipping-taxable","14":"purchasable","15":"product-type-simple"},"_links":{"self":[{"href":"https:\/\/www.monzacamper.it\/shop\/wp-json\/wp\/v2\/product\/2366","targetHints":{"allow":["GET"]}}],"collection":[{"href":"https:\/\/www.monzacamper.it\/shop\/wp-json\/wp\/v2\/product"}],"about":[{"href":"https:\/\/www.monzacamper.it\/shop\/wp-json\/wp\/v2\/types\/product"}],"wp:featuredmedia":[{"embeddable":true,"href":"https:\/\/www.monzacamper.it\/shop\/wp-json\/wp\/v2\/media\/2695"}],"wp:attachment":[{"href":"https:\/\/www.monzacamper.it\/shop\/wp-json\/wp\/v2\/media?parent=2366"}],"wp:term":[{"taxonomy":"product_brand","embeddable":true,"href":"https:\/\/www.monzacamper.it\/shop\/wp-json\/wp\/v2\/product_brand?post=2366"},{"taxonomy":"product_cat","embeddable":true,"href":"https:\/\/www.monzacamper.it\/shop\/wp-json\/wp\/v2\/product_cat?post=2366"},{"taxonomy":"product_tag","embeddable":true,"href":"https:\/\/www.monzacamper.it\/shop\/wp-json\/wp\/v2\/product_tag?post=2366"}],"curies":[{"name":"wp","href":"https:\/\/api.w.org\/{rel}","templated":true}]}}