{"id":2358,"date":"2025-07-15T08:29:14","date_gmt":"2025-07-15T08:29:14","guid":{"rendered":"https:\/\/www.monzacamper.it\/shop\/prodotto\/stufa-a-gas-portatile-a-1-fuoco\/"},"modified":"2026-05-10T01:37:39","modified_gmt":"2026-05-10T00:37:39","slug":"stufa-a-gas-portatile-a-1-fuoco","status":"publish","type":"product","link":"https:\/\/www.monzacamper.it\/shop\/prodotto\/stufa-a-gas-portatile-a-1-fuoco\/","title":{"rendered":"Stufa a gas portatile a 1 fuoco"},"content":{"rendered":"<p>Questa stufa a gas portatile a 1 fuoco rappresenta una soluzione pratica ed efficiente per le esigenze di cottura in viaggio. Progettata per camper, caravan e attivit\u00e0 all&#8217;aria aperta, consente di preparare pasti caldi ovunque ci si trovi. \u00c8 l&#8217;accessorio ideale per chi cerca autonomia e funzionalit\u00e0 durante le proprie av<\/p>\n<p><em>Scopri anche: <a href=\"https:\/\/www.monzacamper.it\/shop\/categoria-prodotto\/stufe-griglie\/\">Stufe \/ Griglie<\/a>, <a href=\"https:\/\/www.monzacamper.it\/shop\/prodotto\/fornello-a-gas-portatile-a-2-fuochi\/\">Fornello a gas portatile a 2 fuochi<\/a>, <a href=\"https:\/\/www.monzacamper.it\/shop\/prodotto\/fornello-per-esterni-modello-a-2-luci\/\">Fornello per esterni Modello a 2 luci<\/a>.<\/em><\/p>\n","protected":false},"excerpt":{"rendered":"<p>Il fornello a gas portatile a 1 bruciatore di Incasa facilita la cottura di un pasto durante un picnic, un&#8217;escursione, una battuta di pesca o anche in giardino.Fisso e dentellato, il supporto per pentole offre una buona stabilit\u00e0, per cui pu\u00f2 posizionarvi pentole grandi o una padella per rosolare carne e pesce.Il fornello a gas ha un&#8217;accensione piezoelettrica con una manopola di controllo per regolare la potenza della fiamma e la disconnessione automatica della cartuccia in caso di sovrapressione.Conservi e protegga la sua cartuccia di gas a baionetta da 220 g agganciandola al vano a destra del bruciatore della sua stufa! (cartuccia venduta separatamente) rif. 016428Pu\u00f2 anche trasformare la sua stufa in un barbecue, aggiungendo una piastra grill appositamente adattata (venduta separatamente).Molte persone? Scopra la stufa a gas portatile a 2 fuochi!<\/p>\n","protected":false},"featured_media":3134,"template":"","meta":[],"product_brand":[],"product_cat":[557],"product_tag":[],"class_list":{"0":"post-2358","1":"product","2":"type-product","3":"status-publish","4":"has-post-thumbnail","6":"product_cat-stufe-griglie","7":"product_shipping_class-pacchi-pesanti-piu-2kg","9":"first","10":"instock","11":"sale","12":"taxable","13":"shipping-taxable","14":"purchasable","15":"product-type-simple"},"_links":{"self":[{"href":"https:\/\/www.monzacamper.it\/shop\/wp-json\/wp\/v2\/product\/2358","targetHints":{"allow":["GET"]}}],"collection":[{"href":"https:\/\/www.monzacamper.it\/shop\/wp-json\/wp\/v2\/product"}],"about":[{"href":"https:\/\/www.monzacamper.it\/shop\/wp-json\/wp\/v2\/types\/product"}],"wp:featuredmedia":[{"embeddable":true,"href":"https:\/\/www.monzacamper.it\/shop\/wp-json\/wp\/v2\/media\/3134"}],"wp:attachment":[{"href":"https:\/\/www.monzacamper.it\/shop\/wp-json\/wp\/v2\/media?parent=2358"}],"wp:term":[{"taxonomy":"product_brand","embeddable":true,"href":"https:\/\/www.monzacamper.it\/shop\/wp-json\/wp\/v2\/product_brand?post=2358"},{"taxonomy":"product_cat","embeddable":true,"href":"https:\/\/www.monzacamper.it\/shop\/wp-json\/wp\/v2\/product_cat?post=2358"},{"taxonomy":"product_tag","embeddable":true,"href":"https:\/\/www.monzacamper.it\/shop\/wp-json\/wp\/v2\/product_tag?post=2358"}],"curies":[{"name":"wp","href":"https:\/\/api.w.org\/{rel}","templated":true}]}}