{"id":2356,"date":"2025-07-15T08:29:14","date_gmt":"2025-07-15T08:29:14","guid":{"rendered":"https:\/\/www.monzacamper.it\/shop\/prodotto\/fornello-per-esterni-modello-a-2-luci\/"},"modified":"2026-05-10T01:37:40","modified_gmt":"2026-05-10T00:37:40","slug":"fornello-per-esterni-modello-a-2-luci","status":"publish","type":"product","link":"https:\/\/www.monzacamper.it\/shop\/prodotto\/fornello-per-esterni-modello-a-2-luci\/","title":{"rendered":"Fornello per esterni Modello a 2 luci"},"content":{"rendered":"<p>Il Fornello per esterni Modello a 2 luci Incasa rappresenta una soluzione essenziale per gli amanti della vita all&#8217;aria aperta. Progettato specificamente per l&#8217;utilizzo in camper, caravan e durante il campeggio, questo fornello portatile a due fuochi permette di preparare pasti caldi con<\/p>\n<p><em>Scopri anche: <a href=\"https:\/\/www.monzacamper.it\/shop\/categoria-prodotto\/stufe-griglie\/\">Stufe \/ Griglie<\/a>, <a href=\"https:\/\/www.monzacamper.it\/shop\/prodotto\/fornello-a-gas-portatile-a-2-fuochi\/\">Fornello a gas portatile a 2 fuochi<\/a>, <a href=\"https:\/\/www.monzacamper.it\/shop\/prodotto\/fornello-per-esterni-modello-1-bruciatore\/\">Fornello per esterni Modello 1 bruciatore<\/a>.<\/em><\/p>\n","protected":false},"excerpt":{"rendered":"<p>Le stufe a gas Incasa sono disponibili nei modelli a 1, 2 e 3 fuochi, per soddisfare le esigenze di tutti!Utilizzi la stufa con una bombola di gas butano o propano e sar\u00e0 in grado di cuocere a fuoco lento i suoi piatti preferiti.Grazie al coperchio, pu\u00f2 riporlo in qualsiasi posizione senza rovinare il resto delle sue cose &#8211; ma non \u00e8 tutto! Una volta sollevato, il coperchio funge da parafiamma, cos\u00ec potr\u00e0 cucinare anche in condizioni di vento.Per trasportare facilmente la sua stufa, dia un&#8217;occhiata alle nostre borse per il trasporto ! Realizzate in poliestere nero 600 D ultra resistente, sono un abbinamento discreto per le stufe Incasa.<\/p>\n","protected":false},"featured_media":2698,"template":"","meta":[],"product_brand":[552],"product_cat":[557],"product_tag":[],"class_list":{"0":"post-2356","1":"product","2":"type-product","3":"status-publish","4":"has-post-thumbnail","6":"product_brand-incasa","7":"product_cat-stufe-griglie","8":"product_shipping_class-pacchi-pesanti-piu-2kg","10":"first","11":"instock","12":"taxable","13":"shipping-taxable","14":"purchasable","15":"product-type-simple"},"_links":{"self":[{"href":"https:\/\/www.monzacamper.it\/shop\/wp-json\/wp\/v2\/product\/2356","targetHints":{"allow":["GET"]}}],"collection":[{"href":"https:\/\/www.monzacamper.it\/shop\/wp-json\/wp\/v2\/product"}],"about":[{"href":"https:\/\/www.monzacamper.it\/shop\/wp-json\/wp\/v2\/types\/product"}],"wp:featuredmedia":[{"embeddable":true,"href":"https:\/\/www.monzacamper.it\/shop\/wp-json\/wp\/v2\/media\/2698"}],"wp:attachment":[{"href":"https:\/\/www.monzacamper.it\/shop\/wp-json\/wp\/v2\/media?parent=2356"}],"wp:term":[{"taxonomy":"product_brand","embeddable":true,"href":"https:\/\/www.monzacamper.it\/shop\/wp-json\/wp\/v2\/product_brand?post=2356"},{"taxonomy":"product_cat","embeddable":true,"href":"https:\/\/www.monzacamper.it\/shop\/wp-json\/wp\/v2\/product_cat?post=2356"},{"taxonomy":"product_tag","embeddable":true,"href":"https:\/\/www.monzacamper.it\/shop\/wp-json\/wp\/v2\/product_tag?post=2356"}],"curies":[{"name":"wp","href":"https:\/\/api.w.org\/{rel}","templated":true}]}}