{"id":2343,"date":"2025-07-15T08:29:11","date_gmt":"2025-07-15T08:29:11","guid":{"rendered":"https:\/\/www.monzacamper.it\/shop\/prodotto\/griglie-sporgenti-in-plastica-esterno-325-x-105-mm\/"},"modified":"2026-05-08T01:46:21","modified_gmt":"2026-05-08T00:46:21","slug":"griglie-sporgenti-in-plastica-esterno-325-x-105-mm","status":"publish","type":"product","link":"https:\/\/www.monzacamper.it\/shop\/prodotto\/griglie-sporgenti-in-plastica-esterno-325-x-105-mm\/","title":{"rendered":"Griglia sporgente in plastica esterno 325 x 105 mm"},"content":{"rendered":"<p>La corretta ventilazione \u00e8 essenziale per il comfort e la salubrit\u00e0 degli ambienti interni di camper e caravan. La Griglia sporgente in plastica esterno 325 x 105 mm \u00e8 una soluzione pratica ed efficace per garantire un ricambio d&#8217;aria costante nei veicoli ricreazionali. Questo accessorio esterno \u00e8 progettato per facilitare il flusso d&#8217;aria, prevenendo l&#8217;accumulo di umidit\u00e0 e odori sgradevoli, aspetti cruciali durante i lunghi viaggi o le soste prolungate.<\/p>\n<p>Realizzata in plastica di alta qualit\u00e0, questa griglia di ventilazione si distingue per la sua robustezza e durabilit\u00e0. Il materiale selezionato resiste efficacemente agli agenti atmosferici, inclusi raggi UV, pioggia e variazioni di temperatura, senza subire deformazioni. La sua costruzione \u00e8 pensata per resistere alle sollecitazioni tipiche dell&#8217;ambiente esterno, mantenendo inalterate le proprie funzionalit\u00e0 nel tempo, garantendo un investimento duraturo.<\/p>\n<h3>Specifiche tecniche<\/h3>\n<p>La Griglia sporgente in plastica esterno 325 x 105 mm presenta dimensioni standardizzate per una facile integrazione. Le sue misure esterne di 325 mm di lunghezza per 105 mm di altezza la rendono compatibile con un&#8217;ampia gamma di aperture preesistenti o con nuove installazioni su pareti. Progettata per un&#8217;installazione superficiale, non richiede modifiche<\/p>\n<p><em>Scopri anche: <a href=\"https:\/\/www.monzacamper.it\/shop\/categoria-prodotto\/griglie-di-ventilazione\/\">Griglie di ventilazione<\/a>, <a href=\"https:\/\/www.monzacamper.it\/shop\/prodotto\/griglia-di-ventilazione-in-alluminio-laccato-bianco-330-x-130-mm\/\">Griglia di ventilazione in alluminio laccato bianco 330 x 130 mm<\/a>, <a href=\"https:\/\/www.monzacamper.it\/shop\/prodotto\/griglia-di-ventilazione-in-alluminio-laccato-bianco-230-x-130-mm\/\">Griglia di ventilazione in alluminio laccato bianco 230 x 130 mm<\/a>.<\/em><\/p>\n","protected":false},"excerpt":{"rendered":"<p>Griglia in plastica da posizionare a sbalzo, da comporre con una griglia interna e una griglia esterna.<br \/>\n(griglia interna da acquistare separatamente)<\/p>\n<p>&nbsp;<\/p>\n<p>&nbsp;<\/p>\n","protected":false},"featured_media":2716,"template":"","meta":[],"product_brand":[],"product_cat":[554],"product_tag":[],"class_list":{"0":"post-2343","1":"product","2":"type-product","3":"status-publish","4":"has-post-thumbnail","6":"product_cat-griglie-di-ventilazione","8":"first","9":"instock","10":"taxable","11":"shipping-taxable","12":"purchasable","13":"product-type-simple"},"_links":{"self":[{"href":"https:\/\/www.monzacamper.it\/shop\/wp-json\/wp\/v2\/product\/2343","targetHints":{"allow":["GET"]}}],"collection":[{"href":"https:\/\/www.monzacamper.it\/shop\/wp-json\/wp\/v2\/product"}],"about":[{"href":"https:\/\/www.monzacamper.it\/shop\/wp-json\/wp\/v2\/types\/product"}],"wp:featuredmedia":[{"embeddable":true,"href":"https:\/\/www.monzacamper.it\/shop\/wp-json\/wp\/v2\/media\/2716"}],"wp:attachment":[{"href":"https:\/\/www.monzacamper.it\/shop\/wp-json\/wp\/v2\/media?parent=2343"}],"wp:term":[{"taxonomy":"product_brand","embeddable":true,"href":"https:\/\/www.monzacamper.it\/shop\/wp-json\/wp\/v2\/product_brand?post=2343"},{"taxonomy":"product_cat","embeddable":true,"href":"https:\/\/www.monzacamper.it\/shop\/wp-json\/wp\/v2\/product_cat?post=2343"},{"taxonomy":"product_tag","embeddable":true,"href":"https:\/\/www.monzacamper.it\/shop\/wp-json\/wp\/v2\/product_tag?post=2343"}],"curies":[{"name":"wp","href":"https:\/\/api.w.org\/{rel}","templated":true}]}}