{"id":2328,"date":"2025-07-15T08:29:09","date_gmt":"2025-07-15T08:29:09","guid":{"rendered":"https:\/\/www.monzacamper.it\/shop\/prodotto\/detergente-per-fogli-32-lavaggi\/"},"modified":"2026-05-10T01:37:41","modified_gmt":"2026-05-10T00:37:41","slug":"detergente-per-fogli-32-lavaggi","status":"publish","type":"product","link":"https:\/\/www.monzacamper.it\/shop\/prodotto\/detergente-per-fogli-32-lavaggi\/","title":{"rendered":"Detergente per fogli 32 lavaggi"},"content":{"rendered":"<p>Il Detergente per fogli 32 lavaggi Finzy \u00e8 una soluzione innovativa e pratica per il bucato in camper, caravan e in contesti all&#8217;aria aperta. Progettato per massima efficacia e minimo ingombro, risponde alle esigenze di chi cerca praticit\u00e0, efficienza e rispetto ambientale durante i viaggi<\/p>\n<p><em>Scopri anche: <a href=\"https:\/\/www.monzacamper.it\/shop\/prodotto\/zanzariera-oscurante-nrf-1100-x-650-avorio\/\">Zanzariera\/oscurante NRF \u2022 1100 x 650 \u2022 avorio<\/a>, <a href=\"https:\/\/www.monzacamper.it\/shop\/prodotto\/rastrollo-grigio-960-x-710-mm\/\">Rastrollo grigio \u2022 960 x 710 mm<\/a>.<\/em><\/p>\n","protected":false},"excerpt":{"rendered":"<p>La rivoluzione del bucato: i foglietti detergenti FinzyI fogli detergenti Finzy rappresentano una rivoluzione nella cura del bucato. Progettati per soddisfare le esigenze dei consumatori moderni, combinano efficienza, praticit\u00e0 e rispetto per l&#8217;ambiente. Questo innovativo formato di detersivo, compatto e leggero, \u00e8 la risposta perfetta ai vincoli di stoccaggio e trasporto, garantendo al contempo prestazioni di lavaggio eccezionali.Un formato compatto e leggero, ideale per qualsiasi spazioIl detersivo Finzy si distingue per il suo formato in fogli, una soluzione ultracompatta e leggera. Niente pi\u00f9 barattoli ingombranti che occupano spazio prezioso negli armadi. Ogni foglio di detergente \u00e8 altamente concentrato e offre il massimo potere pulente in uno spazio minimo. Questo formato \u00e8 particolarmente apprezzato da chi vive in citt\u00e0, dai viaggiatori e dai campeggiatori, che beneficiano di una soluzione di lavaggio efficace senza il peso e l&#8217;ingombro dei detergenti tradizionali.Massima efficacia su tutte le macchieNonostante le dimensioni ridotte, i foglietti detergenti Finzy sono efficaci quanto i detergenti tradizionali. \u00c8 stato appositamente formulato per trattare le macchie pi\u00f9 ostinate, rispettando le fibre dei suoi capi. Sia sui bianchi che sui colori, questo detergente garantisce risultati impeccabili. Ogni foglio contiene un&#8217;alta concentrazione di detergente per rimuovere lo sporco e le macchie in profondit\u00e0, preservando la qualit\u00e0 e la lucentezza dei tessuti.Pu\u00f2 essere utilizzato in lavatrice o a manoLa versatilit\u00e0 dei fogli detergenti Finzy \u00e8 uno dei loro grandi vantaggi. Che preferisca lavare i suoi capi in lavatrice o a mano, si adatta perfettamente alle sue esigenze. In lavatrice, \u00e8 sufficiente inserire un foglio nel cestello con il bucato e avviare il programma abituale. Il foglio si scioglie completamente, anche a basse temperature, senza lasciare residui. Per il lavaggio a mano, \u00e8 sufficiente sciogliere un foglio nell&#8217;acqua e lavare i vestiti come di consueto. Questo pratico formato semplifica il processo di lavaggio e garantisce risultati impeccabili.Rispettoso dell&#8217;ambiente e della sua saluteIl detersivo Finzy si distingue anche per il suo impegno nei confronti dell&#8217;ambiente. La sua confezione ermetica in KRAFT e plastica biodegradabile assicura una lunga durata di conservazione e riduce notevolmente l&#8217;uso di plastica rispetto ai detersivi tradizionali. Inoltre, i foglietti detergenti si dissolvono completamente senza lasciare tracce, riducendo al minimo l&#8217;impatto sui sistemi di trattamento delle acque reflue. Scegliendo Finzy, fa la sua parte per il pianeta, prendendosi cura dei suoi vestiti e della sua salute.Facile da usare per un bucato impeccabileUtilizzare i fogli di detersivo Finzy \u00e8 sorprendentemente facile. Non c&#8217;\u00e8 bisogno di misurare il detersivo o di maneggiare barattoli pesanti e ingombranti. Basta aggiungere un foglio di detersivo nel cestello con il bucato, avviare il programma di lavaggio e lasciare che avvenga la magia. Il foglio si scioglie completamente, rilasciando il suo potere pulente per un bucato pulito e fresco senza alcuna traccia di detersivo. Questa facilit\u00e0 d&#8217;uso rende Finzy la scelta ideale per chi cerca una soluzione di lavaggio efficace e pratica.<\/p>\n","protected":false},"featured_media":2725,"template":"","meta":[],"product_brand":[584],"product_cat":[15],"product_tag":[],"class_list":{"0":"post-2328","1":"product","2":"type-product","3":"status-publish","4":"has-post-thumbnail","6":"product_brand-finzy","7":"product_cat-senza-categoria","9":"first","10":"instock","11":"taxable","12":"shipping-taxable","13":"purchasable","14":"product-type-simple"},"_links":{"self":[{"href":"https:\/\/www.monzacamper.it\/shop\/wp-json\/wp\/v2\/product\/2328","targetHints":{"allow":["GET"]}}],"collection":[{"href":"https:\/\/www.monzacamper.it\/shop\/wp-json\/wp\/v2\/product"}],"about":[{"href":"https:\/\/www.monzacamper.it\/shop\/wp-json\/wp\/v2\/types\/product"}],"wp:featuredmedia":[{"embeddable":true,"href":"https:\/\/www.monzacamper.it\/shop\/wp-json\/wp\/v2\/media\/2725"}],"wp:attachment":[{"href":"https:\/\/www.monzacamper.it\/shop\/wp-json\/wp\/v2\/media?parent=2328"}],"wp:term":[{"taxonomy":"product_brand","embeddable":true,"href":"https:\/\/www.monzacamper.it\/shop\/wp-json\/wp\/v2\/product_brand?post=2328"},{"taxonomy":"product_cat","embeddable":true,"href":"https:\/\/www.monzacamper.it\/shop\/wp-json\/wp\/v2\/product_cat?post=2328"},{"taxonomy":"product_tag","embeddable":true,"href":"https:\/\/www.monzacamper.it\/shop\/wp-json\/wp\/v2\/product_tag?post=2328"}],"curies":[{"name":"wp","href":"https:\/\/api.w.org\/{rel}","templated":true}]}}