{"id":2320,"date":"2025-07-15T08:29:08","date_gmt":"2025-07-15T08:29:08","guid":{"rendered":"https:\/\/www.monzacamper.it\/shop\/prodotto\/hoover-manuale-ricaricabile-al-litio-da-12-220v\/"},"modified":"2026-04-10T01:37:38","modified_gmt":"2026-04-10T00:37:38","slug":"hoover-manuale-ricaricabile-al-litio-da-12-220v","status":"publish","type":"product","link":"https:\/\/www.monzacamper.it\/shop\/prodotto\/hoover-manuale-ricaricabile-al-litio-da-12-220v\/","title":{"rendered":"Hoover aspirapolvere manuale ricaricabile al litio da 12\/220V"},"content":{"rendered":"","protected":false},"excerpt":{"rendered":"<p>Aspiratore manuale ricaricabile Incasa: il compagno ideale per una pulizia senza faticaUn aspirapolvere 2 in 1 per una maggiore versatilit\u00e0L&#8217;aspirapolvere portatile ricaricabile Incasa \u00e8 uno strumento davvero versatile. Con le sue due modalit\u00e0 di funzionamento, pu\u00f2 trasformarsi in un aspirapolvere per pavimenti, grazie ai tubi e alla spazzola di aspirazione, o in un aspirapolvere portatile per piccole superfici e rifiniture. Ideale per l&#8217;uso in camper, furgoni o furgoni trasformati, questo aspirapolvere \u00e8 perfetto per chi cerca un apparecchio leggero, pratico e funzionale, in grado di soddisfare tutte le esigenze di pulizia.Aspirazione ad alte prestazioni per tutte le superficiCon una potenza di 100 W e un&#8217;aspirazione efficace di 5,8 kPa, questo aspirapolvere cattura sia la polvere che i liquidi. Dispone di un serbatoio da 500 ml, sufficientemente capiente per gestire tutto lo sporco senza doverlo svuotare continuamente. Sia per l&#8217;uso quotidiano che per gli imprevisti in viaggio, garantisce un&#8217;efficienza ottimale su tutte le superfici, che siano pavimenti, sedili o angoli difficili da raggiungere.Ricaricabile e pratico per un uso prolungatoL&#8217;aspirapolvere Incasa \u00e8 progettato per adattarsi a tutte le esigenze dei viaggiatori grazie alla sua batteria al litio da 2000 mAh, che offre 18 minuti di autonomia dopo una carica completa di 4,5 ore. Grazie al suo doppio sistema di ricarica (12V e 220V), pu\u00f2 essere utilizzato sia in auto che a casa. Pratico da portare con s\u00e9, \u00e8 dotato di un cavo accendisigari da 210 cm e di un cavo 220V da 180 cm, per la massima flessibilit\u00e0.Pulizia facile e igienicaOltre alle sue prestazioni di aspirazione, questo aspirapolvere \u00e8 facile da mantenere. Il suo filtro lavabile le consente di prolungare la sua durata, mantenendo un&#8217;igiene impeccabile. Pu\u00f2 quindi utilizzarlo pi\u00f9 volte senza preoccuparsi di un calo delle prestazioni. I vari accessori inclusi rendono facile pulire anche gli angoli pi\u00f9 piccoli, sia sotto i mobili che negli spazi pi\u00f9 angusti del suo veicolo.<\/p>\n","protected":false},"featured_media":3192,"template":"","meta":[],"product_brand":[],"product_cat":[553],"product_tag":[],"class_list":{"0":"post-2320","1":"product","2":"type-product","3":"status-publish","4":"has-post-thumbnail","6":"product_cat-cura-dei-pavimenti","8":"first","9":"instock","10":"taxable","11":"shipping-taxable","12":"purchasable","13":"product-type-simple"},"_links":{"self":[{"href":"https:\/\/www.monzacamper.it\/shop\/wp-json\/wp\/v2\/product\/2320","targetHints":{"allow":["GET"]}}],"collection":[{"href":"https:\/\/www.monzacamper.it\/shop\/wp-json\/wp\/v2\/product"}],"about":[{"href":"https:\/\/www.monzacamper.it\/shop\/wp-json\/wp\/v2\/types\/product"}],"wp:featuredmedia":[{"embeddable":true,"href":"https:\/\/www.monzacamper.it\/shop\/wp-json\/wp\/v2\/media\/3192"}],"wp:attachment":[{"href":"https:\/\/www.monzacamper.it\/shop\/wp-json\/wp\/v2\/media?parent=2320"}],"wp:term":[{"taxonomy":"product_brand","embeddable":true,"href":"https:\/\/www.monzacamper.it\/shop\/wp-json\/wp\/v2\/product_brand?post=2320"},{"taxonomy":"product_cat","embeddable":true,"href":"https:\/\/www.monzacamper.it\/shop\/wp-json\/wp\/v2\/product_cat?post=2320"},{"taxonomy":"product_tag","embeddable":true,"href":"https:\/\/www.monzacamper.it\/shop\/wp-json\/wp\/v2\/product_tag?post=2320"}],"curies":[{"name":"wp","href":"https:\/\/api.w.org\/{rel}","templated":true}]}}