{"id":2319,"date":"2025-07-15T08:29:08","date_gmt":"2025-07-15T08:29:08","guid":{"rendered":"https:\/\/www.monzacamper.it\/shop\/prodotto\/aspirapolvere-a-mano-con-cavo-da-12-volt\/"},"modified":"2026-04-10T01:37:38","modified_gmt":"2026-04-10T00:37:38","slug":"aspirapolvere-a-mano-con-cavo-da-12-volt","status":"publish","type":"product","link":"https:\/\/www.monzacamper.it\/shop\/prodotto\/aspirapolvere-a-mano-con-cavo-da-12-volt\/","title":{"rendered":"Aspirapolvere a mano con cavo da 12 volt"},"content":{"rendered":"","protected":false},"excerpt":{"rendered":"<p>Un aspirapolvere potente e pratico per il suo camperUn aspirapolvere pratico e mobile per spazi ristrettiL&#8217;aspirapolvere portatile con cavo Incasa \u00e8 stato progettato per offrire una soluzione di pulizia rapida ed efficiente, particolarmente adatta agli spazi ristretti di camper, furgoni e van. Grazie al funzionamento a 12 volt, pu\u00f2 facilmente collegarlo all&#8217;accendisigari del suo veicolo e utilizzarlo ovunque si trovi. Il suo cavo di 4 metri le permette di muoversi liberamente all&#8217;interno del veicolo senza dover cambiare la spina o destreggiarsi con le prolunghe.Elevata capacit\u00e0 di pulizia senza interruzioniCon il suo raccoglitore di polvere da 400 ml, questo aspirapolvere le consente di pulire a fondo senza doverlo svuotare frequentemente. Il suo design senza sacchetto semplifica la manutenzione: basta svuotare il raccoglitore e pulire il filtro lavabile e riutilizzabile. Questo sistema senza sacchetto la aiuta anche a ridurre i costi di acquisto dei materiali di consumo, contribuendo a un approccio pi\u00f9 ecologico.Potenza di aspirazione ideale per i veicoliQuesto aspirapolvere Incasa non ha nulla da invidiare ai modelli pi\u00f9 grandi. Con 70 watt di potenza e una forza di aspirazione di 2 kPa, \u00e8 in grado di aspirare efficacemente polvere, briciole e altri detriti quotidiani. Sia che stia pulendo sedili, tappeti o angoli difficili da raggiungere, questa macchina ad alte prestazioni \u00e8 compatta e leggera. Inoltre, il suo livello di rumorosit\u00e0 di 75 dB la rende relativamente silenziosa, il che \u00e8 un vantaggio quando viene utilizzata in spazi ristretti.Un design ergonomico e facile da usareL&#8217;aspirapolvere con cavo Incasa \u00e8 stato progettato anche per essere facile da usare. Grazie alle sue dimensioni compatte e al peso ridotto, \u00e8 perfetto per un uso prolungato e senza fatica. La combinazione di colori grigio e bianco aggiunge un tocco di modernit\u00e0, mentre gli accessori per l&#8217;aspirapolvere inclusi ampliano la sua gamma di utilizzi: dagli angoli ai sedili e ai tappeti, c&#8217;\u00e8 una bocchetta adatta ad ogni area del suo veicolo.<\/p>\n","protected":false},"featured_media":3182,"template":"","meta":[],"product_brand":[],"product_cat":[553],"product_tag":[],"class_list":{"0":"post-2319","1":"product","2":"type-product","3":"status-publish","4":"has-post-thumbnail","6":"product_cat-cura-dei-pavimenti","8":"first","9":"instock","10":"taxable","11":"shipping-taxable","12":"purchasable","13":"product-type-simple"},"_links":{"self":[{"href":"https:\/\/www.monzacamper.it\/shop\/wp-json\/wp\/v2\/product\/2319","targetHints":{"allow":["GET"]}}],"collection":[{"href":"https:\/\/www.monzacamper.it\/shop\/wp-json\/wp\/v2\/product"}],"about":[{"href":"https:\/\/www.monzacamper.it\/shop\/wp-json\/wp\/v2\/types\/product"}],"wp:featuredmedia":[{"embeddable":true,"href":"https:\/\/www.monzacamper.it\/shop\/wp-json\/wp\/v2\/media\/3182"}],"wp:attachment":[{"href":"https:\/\/www.monzacamper.it\/shop\/wp-json\/wp\/v2\/media?parent=2319"}],"wp:term":[{"taxonomy":"product_brand","embeddable":true,"href":"https:\/\/www.monzacamper.it\/shop\/wp-json\/wp\/v2\/product_brand?post=2319"},{"taxonomy":"product_cat","embeddable":true,"href":"https:\/\/www.monzacamper.it\/shop\/wp-json\/wp\/v2\/product_cat?post=2319"},{"taxonomy":"product_tag","embeddable":true,"href":"https:\/\/www.monzacamper.it\/shop\/wp-json\/wp\/v2\/product_tag?post=2319"}],"curies":[{"name":"wp","href":"https:\/\/api.w.org\/{rel}","templated":true}]}}