{"id":2315,"date":"2025-07-15T08:29:07","date_gmt":"2025-07-15T08:29:07","guid":{"rendered":"https:\/\/www.monzacamper.it\/shop\/prodotto\/pinza-portabevande\/"},"modified":"2026-04-04T01:37:44","modified_gmt":"2026-04-04T00:37:44","slug":"pinza-portabevande","status":"publish","type":"product","link":"https:\/\/www.monzacamper.it\/shop\/prodotto\/pinza-portabevande\/","title":{"rendered":"Pinza portabevande"},"content":{"rendered":"","protected":false},"excerpt":{"rendered":"<p>Tenga sempre a portata di mano le sue bevande e i suoi piccoli oggettiIl portabevande \u00e8 un accessorio essenziale per tutti i viaggiatori in camper, furgoni o furgoni trasformati. Si aggancia facilmente a qualsiasi superficie piana: tavolo, bancone o anche i ripiani degli arredi interni. Questa robusta clip offre una presa affidabile e stabile per le sue bevande, il telefono o altri piccoli oggetti che desidera tenere a portata di mano. Non dovr\u00e0 pi\u00f9 rovesciare accidentalmente le lattine o collocare male gli oggetti nel suo veicolo!Installazione rapida per una comodit\u00e0 immediataNon c&#8217;\u00e8 bisogno di attrezzi o di un montaggio complicato! Il portabevande pu\u00f2 essere installato in pochi secondi e facilmente spostato in base alle sue esigenze. Sia che stia facendo una pausa nel suo camper o che sia seduto intorno ad un tavolo pieghevole all&#8217;aperto, questo accessorio le offre un comfort ottimale. Basta posizionare la clip sul bordo del tavolo e inserire il suo drink o il suo telefono. La sua versatilit\u00e0 lo rende l&#8217;accessorio perfetto per ogni situazione.Un accessorio resistente e multiusoProgettato per resistere a scuotimenti e movimenti frequenti, questo porta bevande \u00e8 realizzato con materiali robusti per garantirne la durata. Pu\u00f2 contenere oggetti di diverse dimensioni, da una piccola bottiglia d&#8217;acqua a una lattina o persino un bicchiere. Inoltre, il suo design minimalista si adatta a qualsiasi stile di interni, offrendo discrezione e funzionalit\u00e0. Lo porti con s\u00e9 ovunque vada e si goda la sua utilit\u00e0 in ogni momento.Sicurezza e stabilit\u00e0 per i suoi oggetti quotidianiIl porta bevande non \u00e8 solo pratico, ma garantisce anche la sicurezza dei suoi oggetti. Evitando il rischio di ribaltamento e mantenendo i suoi oggetti in posizione, offre una tranquillit\u00e0 essenziale, sia che sia in viaggio o che si stia rilassando all&#8217;aria aperta. Compatto e leggero, si inserisce facilmente nel vano portaoggetti del suo camper, pronto per essere utilizzato ogni volta che ne ha bisogno.<\/p>\n","protected":false},"featured_media":2731,"template":"","meta":[],"product_brand":[],"product_cat":[374],"product_tag":[],"class_list":{"0":"post-2315","1":"product","2":"type-product","3":"status-publish","4":"has-post-thumbnail","6":"product_cat-utensili-da-cucina","8":"first","9":"instock","10":"taxable","11":"shipping-taxable","12":"purchasable","13":"product-type-simple"},"_links":{"self":[{"href":"https:\/\/www.monzacamper.it\/shop\/wp-json\/wp\/v2\/product\/2315","targetHints":{"allow":["GET"]}}],"collection":[{"href":"https:\/\/www.monzacamper.it\/shop\/wp-json\/wp\/v2\/product"}],"about":[{"href":"https:\/\/www.monzacamper.it\/shop\/wp-json\/wp\/v2\/types\/product"}],"wp:featuredmedia":[{"embeddable":true,"href":"https:\/\/www.monzacamper.it\/shop\/wp-json\/wp\/v2\/media\/2731"}],"wp:attachment":[{"href":"https:\/\/www.monzacamper.it\/shop\/wp-json\/wp\/v2\/media?parent=2315"}],"wp:term":[{"taxonomy":"product_brand","embeddable":true,"href":"https:\/\/www.monzacamper.it\/shop\/wp-json\/wp\/v2\/product_brand?post=2315"},{"taxonomy":"product_cat","embeddable":true,"href":"https:\/\/www.monzacamper.it\/shop\/wp-json\/wp\/v2\/product_cat?post=2315"},{"taxonomy":"product_tag","embeddable":true,"href":"https:\/\/www.monzacamper.it\/shop\/wp-json\/wp\/v2\/product_tag?post=2315"}],"curies":[{"name":"wp","href":"https:\/\/api.w.org\/{rel}","templated":true}]}}