{"id":2301,"date":"2025-07-15T08:29:05","date_gmt":"2025-07-15T08:29:05","guid":{"rendered":"https:\/\/www.monzacamper.it\/shop\/prodotto\/sgocciolatoio-pieghevole-compatto\/"},"modified":"2026-04-04T01:37:44","modified_gmt":"2026-04-04T00:37:44","slug":"sgocciolatoio-pieghevole-compatto","status":"publish","type":"product","link":"https:\/\/www.monzacamper.it\/shop\/prodotto\/sgocciolatoio-pieghevole-compatto\/","title":{"rendered":"Sgocciolatoio pieghevole compatto"},"content":{"rendered":"","protected":false},"excerpt":{"rendered":"<p>Uno scolapiatti pratico e salvaspazioPer chi viaggia in camper e in furgone, ogni centimetro \u00e8 importante. Questo scolapiatti pieghevole \u00e8 la soluzione ideale per chi cerca un accessorio funzionale, compatto e facile da riporre. Quando \u00e8 piegato, occupa uno spazio minimo, adattandosi perfettamente agli spazi ridotti della cucina senza occupare troppo spazio. Il suo design intelligente lo rende facile da riporre in un cassetto o in un armadio e da estrarre solo quando serve. \u00c8 stato progettato per offrire un ampio spazio di asciugatura per le sue stoviglie, pur rimanendo ultra-compatto.Grande capacit\u00e0 in un formato compattoNonostante le dimensioni ridotte, questo scolapiatti pieghevole pu\u00f2 contenere fino a 12 piatti! Il suo design \u00e8 stato ottimizzato per massimizzare la capacit\u00e0 di asciugatura, tenendo conto delle esigenze dei viaggiatori e dello spazio spesso limitato disponibile nei veicoli da turismo. Oltre ai piatti, pu\u00f2 contenere posate, bicchieri e altri piccoli utensili, rendendolo un accessorio versatile per i suoi pasti in viaggio. Con questo scolapiatti, non dovr\u00e0 pi\u00f9 fare a meno dell&#8217;ordine e della pulizia in cucina, anche quando \u00e8 in viaggio.Design leggero e resistente per viaggiareRealizzato con materiali leggeri e robusti, questo scolapiatti \u00e8 progettato per resistere ai rigori dei frequenti viaggi in camper o in furgone. La sua struttura leggera lo rende facile da trasportare, mentre la sua robustezza garantisce una lunga durata. L&#8217;utilizzo di materiali resistenti all&#8217;umidit\u00e0 e agli urti lo rende una scelta durevole e affidabile, perfetta per gli avventurieri che tengono alla qualit\u00e0 delle loro attrezzature.Facile da mantenere e veloce da riporreOltre alla sua praticit\u00e0, questo scolapasta pieghevole \u00e8 molto facile da mantenere. Basta un semplice risciacquo per mantenerlo pulito e la sua superficie \u00e8 progettata per evitare l&#8217;accumulo di calcare. Una volta asciutto, si ripiega con un solo movimento e pu\u00f2 essere riposto senza fatica. Grazie a questa facilit\u00e0 di manutenzione, \u00e8 sempre pronto per la sua prossima avventura, dandole tranquillit\u00e0 e facendole risparmiare tempo prezioso durante i suoi viaggi.<\/p>\n","protected":false},"featured_media":2739,"template":"","meta":[],"product_brand":[],"product_cat":[374],"product_tag":[],"class_list":{"0":"post-2301","1":"product","2":"type-product","3":"status-publish","4":"has-post-thumbnail","6":"product_cat-utensili-da-cucina","8":"first","9":"instock","10":"taxable","11":"shipping-taxable","12":"purchasable","13":"product-type-simple"},"_links":{"self":[{"href":"https:\/\/www.monzacamper.it\/shop\/wp-json\/wp\/v2\/product\/2301","targetHints":{"allow":["GET"]}}],"collection":[{"href":"https:\/\/www.monzacamper.it\/shop\/wp-json\/wp\/v2\/product"}],"about":[{"href":"https:\/\/www.monzacamper.it\/shop\/wp-json\/wp\/v2\/types\/product"}],"wp:featuredmedia":[{"embeddable":true,"href":"https:\/\/www.monzacamper.it\/shop\/wp-json\/wp\/v2\/media\/2739"}],"wp:attachment":[{"href":"https:\/\/www.monzacamper.it\/shop\/wp-json\/wp\/v2\/media?parent=2301"}],"wp:term":[{"taxonomy":"product_brand","embeddable":true,"href":"https:\/\/www.monzacamper.it\/shop\/wp-json\/wp\/v2\/product_brand?post=2301"},{"taxonomy":"product_cat","embeddable":true,"href":"https:\/\/www.monzacamper.it\/shop\/wp-json\/wp\/v2\/product_cat?post=2301"},{"taxonomy":"product_tag","embeddable":true,"href":"https:\/\/www.monzacamper.it\/shop\/wp-json\/wp\/v2\/product_tag?post=2301"}],"curies":[{"name":"wp","href":"https:\/\/api.w.org\/{rel}","templated":true}]}}