{"id":2292,"date":"2025-07-15T08:29:03","date_gmt":"2025-07-15T08:29:03","guid":{"rendered":"https:\/\/www.monzacamper.it\/shop\/prodotto\/sgocciolatoio-stoviglie-retrattile-di-grande-formato\/"},"modified":"2026-04-04T01:37:45","modified_gmt":"2026-04-04T00:37:45","slug":"sgocciolatoio-stoviglie-retrattile-di-grande-formato","status":"publish","type":"product","link":"https:\/\/www.monzacamper.it\/shop\/prodotto\/sgocciolatoio-stoviglie-retrattile-di-grande-formato\/","title":{"rendered":"Sgocciolatoio stoviglie retrattile di grande formato"},"content":{"rendered":"","protected":false},"excerpt":{"rendered":"<p>Questo scolapiatti di grande capacit\u00e0 \u00e8 perfetto per i piccoli spazi. Pu\u00f2 essere utilizzato per asciugare piatti, bicchieri e ciotole e ha uno spazio dedicato alle posate. Realizzato in plastica e silicone, pu\u00f2 essere ripiegato per risparmiare spazio una volta che i piatti sono asciutti.<\/p>\n","protected":false},"featured_media":3293,"template":"","meta":[],"product_brand":[],"product_cat":[374],"product_tag":[],"class_list":{"0":"post-2292","1":"product","2":"type-product","3":"status-publish","4":"has-post-thumbnail","6":"product_cat-utensili-da-cucina","8":"first","9":"instock","10":"taxable","11":"shipping-taxable","12":"purchasable","13":"product-type-simple"},"_links":{"self":[{"href":"https:\/\/www.monzacamper.it\/shop\/wp-json\/wp\/v2\/product\/2292","targetHints":{"allow":["GET"]}}],"collection":[{"href":"https:\/\/www.monzacamper.it\/shop\/wp-json\/wp\/v2\/product"}],"about":[{"href":"https:\/\/www.monzacamper.it\/shop\/wp-json\/wp\/v2\/types\/product"}],"wp:featuredmedia":[{"embeddable":true,"href":"https:\/\/www.monzacamper.it\/shop\/wp-json\/wp\/v2\/media\/3293"}],"wp:attachment":[{"href":"https:\/\/www.monzacamper.it\/shop\/wp-json\/wp\/v2\/media?parent=2292"}],"wp:term":[{"taxonomy":"product_brand","embeddable":true,"href":"https:\/\/www.monzacamper.it\/shop\/wp-json\/wp\/v2\/product_brand?post=2292"},{"taxonomy":"product_cat","embeddable":true,"href":"https:\/\/www.monzacamper.it\/shop\/wp-json\/wp\/v2\/product_cat?post=2292"},{"taxonomy":"product_tag","embeddable":true,"href":"https:\/\/www.monzacamper.it\/shop\/wp-json\/wp\/v2\/product_tag?post=2292"}],"curies":[{"name":"wp","href":"https:\/\/api.w.org\/{rel}","templated":true}]}}