{"id":2216,"date":"2025-07-15T08:28:49","date_gmt":"2025-07-15T08:28:49","guid":{"rendered":"https:\/\/www.monzacamper.it\/shop\/prodotto\/lampadina-led-gu4-120-lumen\/"},"modified":"2026-04-04T01:37:49","modified_gmt":"2026-04-04T00:37:49","slug":"lampadina-led-gu4-120-lumen","status":"publish","type":"product","link":"https:\/\/www.monzacamper.it\/shop\/prodotto\/lampadina-led-gu4-120-lumen\/","title":{"rendered":"Lampadina LED GU4"},"content":{"rendered":"","protected":false},"excerpt":{"rendered":"<p>Modulo Led GU4 MR11 consigliato per sostituire le lampadine alogene GU4: pi\u00f9 economico, pi\u00f9 ecologico, pi\u00f9 duraturo. Equivalente a 7,5 W alogena.<\/p>\n","protected":false},"featured_media":2780,"template":"","meta":[],"product_brand":[],"product_cat":[539],"product_tag":[],"class_list":{"0":"post-2216","1":"product","2":"type-product","3":"status-publish","4":"has-post-thumbnail","6":"product_cat-lampadine-2","8":"first","9":"instock","10":"taxable","11":"shipping-taxable","12":"purchasable","13":"product-type-simple"},"_links":{"self":[{"href":"https:\/\/www.monzacamper.it\/shop\/wp-json\/wp\/v2\/product\/2216","targetHints":{"allow":["GET"]}}],"collection":[{"href":"https:\/\/www.monzacamper.it\/shop\/wp-json\/wp\/v2\/product"}],"about":[{"href":"https:\/\/www.monzacamper.it\/shop\/wp-json\/wp\/v2\/types\/product"}],"wp:featuredmedia":[{"embeddable":true,"href":"https:\/\/www.monzacamper.it\/shop\/wp-json\/wp\/v2\/media\/2780"}],"wp:attachment":[{"href":"https:\/\/www.monzacamper.it\/shop\/wp-json\/wp\/v2\/media?parent=2216"}],"wp:term":[{"taxonomy":"product_brand","embeddable":true,"href":"https:\/\/www.monzacamper.it\/shop\/wp-json\/wp\/v2\/product_brand?post=2216"},{"taxonomy":"product_cat","embeddable":true,"href":"https:\/\/www.monzacamper.it\/shop\/wp-json\/wp\/v2\/product_cat?post=2216"},{"taxonomy":"product_tag","embeddable":true,"href":"https:\/\/www.monzacamper.it\/shop\/wp-json\/wp\/v2\/product_tag?post=2216"}],"curies":[{"name":"wp","href":"https:\/\/api.w.org\/{rel}","templated":true}]}}