{"id":2214,"date":"2025-07-15T08:28:49","date_gmt":"2025-07-15T08:28:49","guid":{"rendered":"https:\/\/www.monzacamper.it\/shop\/prodotto\/modulo-led-g4-smd-240-lumen-2\/"},"modified":"2026-04-04T01:37:49","modified_gmt":"2026-04-04T00:37:49","slug":"modulo-led-g4-smd-240-lumen-2","status":"publish","type":"product","link":"https:\/\/www.monzacamper.it\/shop\/prodotto\/modulo-led-g4-smd-240-lumen-2\/","title":{"rendered":"Modulo Led G4 SMD 240 lumen"},"content":{"rendered":"<p> Caratteristiche : Consumo di energia : 2,2 W. Illuminazione: 240 lumen. Colore: 4000 K. Tensione: 12\/24 V. Non utilizzi il dimmer. Set di 2. Classe energetica: A+.<\/p>\n","protected":false},"excerpt":{"rendered":"<p>Per sostituire le lampadine alogene G4: pi\u00f9 economiche, pi\u00f9 ecologiche, pi\u00f9 durature.<\/p>\n","protected":false},"featured_media":2778,"template":"","meta":[],"product_brand":[581],"product_cat":[539],"product_tag":[],"class_list":{"0":"post-2214","1":"product","2":"type-product","3":"status-publish","4":"has-post-thumbnail","6":"product_brand-inovtech","7":"product_cat-lampadine-2","9":"first","10":"instock","11":"taxable","12":"shipping-taxable","13":"purchasable","14":"product-type-simple"},"_links":{"self":[{"href":"https:\/\/www.monzacamper.it\/shop\/wp-json\/wp\/v2\/product\/2214","targetHints":{"allow":["GET"]}}],"collection":[{"href":"https:\/\/www.monzacamper.it\/shop\/wp-json\/wp\/v2\/product"}],"about":[{"href":"https:\/\/www.monzacamper.it\/shop\/wp-json\/wp\/v2\/types\/product"}],"wp:featuredmedia":[{"embeddable":true,"href":"https:\/\/www.monzacamper.it\/shop\/wp-json\/wp\/v2\/media\/2778"}],"wp:attachment":[{"href":"https:\/\/www.monzacamper.it\/shop\/wp-json\/wp\/v2\/media?parent=2214"}],"wp:term":[{"taxonomy":"product_brand","embeddable":true,"href":"https:\/\/www.monzacamper.it\/shop\/wp-json\/wp\/v2\/product_brand?post=2214"},{"taxonomy":"product_cat","embeddable":true,"href":"https:\/\/www.monzacamper.it\/shop\/wp-json\/wp\/v2\/product_cat?post=2214"},{"taxonomy":"product_tag","embeddable":true,"href":"https:\/\/www.monzacamper.it\/shop\/wp-json\/wp\/v2\/product_tag?post=2214"}],"curies":[{"name":"wp","href":"https:\/\/api.w.org\/{rel}","templated":true}]}}