{"id":2182,"date":"2025-07-15T08:28:43","date_gmt":"2025-07-15T08:28:43","guid":{"rendered":"https:\/\/www.monzacamper.it\/shop\/prodotto\/convertitore-pur-sinus-12v-230v-2000w\/"},"modified":"2026-04-04T01:37:50","modified_gmt":"2026-04-04T00:37:50","slug":"convertitore-pur-sinus-12v-230v-2000w","status":"publish","type":"product","link":"https:\/\/www.monzacamper.it\/shop\/prodotto\/convertitore-pur-sinus-12v-230v-2000w\/","title":{"rendered":"Convertitore Pur Sinus 2000"},"content":{"rendered":"<p>Tecnologia: onda sinusoidale puraTensione di ingresso DC: 11-16VTensione di uscita AC: 230V &#8211; 50HzPresa AC: FR a prova di bambinoPriorit\u00e0 di rete MPS : S\u00ecProtezione contro la bassa tensione: S\u00ec, 11VProtezione dall&#8217;alta tensione: S\u00ec, 16VProtezione dall&#8217;inversione di polarit\u00e0: S\u00ecProtezione da cortocircuito : S\u00ecProtezione contro il surriscaldamento: S\u00ecUscita: 1x USB 5V \/ 2.1APosizione \/ montaggio autorizzati: orizzontale e verticaleProtezione con fusibile: S\u00ec, esternoFornito con: istruzioni + caviCertificazioni \/ approvazioni: R10 + CE (EMC &#8211; LVD) + RoHsGaranzia: 2 anni Caratteristiche : Potenza nominale: 2000WPotenza di picco (3 sec.): 4000WConsumo a vuoto: Modalit\u00e0 di comunicazione: controllo LED a distanza via cavo (5m)Collegamento AC: cavo 230V in dotazione (1m)Collegamento DC: cavi in dotazione 25mm\u00b2 \/ 50 cm x2Dimensioni del prodotto (L x W x H) : 440* 220 * 90 mmPeso netto: 5Kg<\/p>\n","protected":false},"excerpt":{"rendered":"<p>I convertitori Pur sinus Eza sono appositamente progettati e adattati alle esigenze specifiche dei veicoli per il tempo libero.Funzionando in totale sicurezza, sono in grado di assorbire correnti elevate e di sopportare variazioni di carico durante l&#8217;uso.La loro qualit\u00e0 di corrente \u00e8 pari o superiore a quella di una presa domestica. Sono destinati all&#8217;uso con apparecchi elettrici induttivi (attrezzature per il bricolage, pompe, motori, frigoriferi, compressori, luci al neon, ecc.), apparecchi che incorporano elettronica sensibile alla perfetta qualit\u00e0 della corrente (frigoriferi, congelatori, microonde, computer, lavatrici, TV, apparecchiature mediche, caricabatterie per smartphone e VAE, ecc.) e\/o apparecchi che richiedono un&#8217;elevata potenza di avviamento (condizionatori d&#8217;aria, macchine per caff\u00e8 espresso, asciugacapelli, attrezzature per il bricolage, trapani, ecc.)Inverter intelligente: grazie al sistema MPS (Mains Priority Function), gli inverter da 1000W, 2000W e 3000W commutano automaticamente quando il veicolo \u00e8 collegato alla rete 220V (ad esempio, parcheggio, campeggio, casa, ecc.) per risparmiare la batteria ausiliaria. Quando il veicolo si scollega dalla rete, l&#8217;inverter torna alla batteria in pochi millisecondi per continuare ad alimentare l&#8217;utenza elettrica.Incluso: dispositivo di sicurezza a bassa tensione per proteggere le batterie dalla scarica profonda, cablaggio VDL specifico in dotazione e uscita USB su tutta la gamma. Protezione elettronica contro l&#8217;inversione di polarit\u00e0, il cortocircuito e il surriscaldamento.Compatibile con tutti i tipi di batterie, comprese le LiFePo4 al litio.Telecomando a filo incluso (tranne che per il modello da 300W) per il controllo remoto e lo spegnimento dell&#8217;inverter, per evitare di scaricare la batteria anche quando nessun elettrodomestico \u00e8 collegato all&#8217;inverter. Staffe di montaggio rinforzate per l&#8217;installazione a pavimento o a parete. Cavi progettati per un uso e un&#8217;installazione sicuri.Tutti questi convertitori sono approvati R10.<\/p>\n","protected":false},"featured_media":2820,"template":"","meta":[],"product_brand":[579],"product_cat":[536],"product_tag":[],"class_list":{"0":"post-2182","1":"product","2":"type-product","3":"status-publish","4":"has-post-thumbnail","6":"product_brand-eza","7":"product_cat-convertitori","8":"product_shipping_class-pacchi-pesanti-piu-2kg","10":"first","11":"instock","12":"taxable","13":"shipping-taxable","14":"purchasable","15":"product-type-simple"},"_links":{"self":[{"href":"https:\/\/www.monzacamper.it\/shop\/wp-json\/wp\/v2\/product\/2182","targetHints":{"allow":["GET"]}}],"collection":[{"href":"https:\/\/www.monzacamper.it\/shop\/wp-json\/wp\/v2\/product"}],"about":[{"href":"https:\/\/www.monzacamper.it\/shop\/wp-json\/wp\/v2\/types\/product"}],"wp:featuredmedia":[{"embeddable":true,"href":"https:\/\/www.monzacamper.it\/shop\/wp-json\/wp\/v2\/media\/2820"}],"wp:attachment":[{"href":"https:\/\/www.monzacamper.it\/shop\/wp-json\/wp\/v2\/media?parent=2182"}],"wp:term":[{"taxonomy":"product_brand","embeddable":true,"href":"https:\/\/www.monzacamper.it\/shop\/wp-json\/wp\/v2\/product_brand?post=2182"},{"taxonomy":"product_cat","embeddable":true,"href":"https:\/\/www.monzacamper.it\/shop\/wp-json\/wp\/v2\/product_cat?post=2182"},{"taxonomy":"product_tag","embeddable":true,"href":"https:\/\/www.monzacamper.it\/shop\/wp-json\/wp\/v2\/product_tag?post=2182"}],"curies":[{"name":"wp","href":"https:\/\/api.w.org\/{rel}","templated":true}]}}