{"id":2167,"date":"2025-07-15T08:28:39","date_gmt":"2025-07-15T08:28:39","guid":{"rendered":"https:\/\/www.monzacamper.it\/shop\/prodotto\/controllore-solare-mppt-bluetooth-10a\/"},"modified":"2026-04-04T01:37:51","modified_gmt":"2026-04-04T00:37:51","slug":"controllore-solare-mppt-bluetooth-10a","status":"publish","type":"product","link":"https:\/\/www.monzacamper.it\/shop\/prodotto\/controllore-solare-mppt-bluetooth-10a\/","title":{"rendered":"Controllore solare MPPT Bluetooth 10A"},"content":{"rendered":"<p>Tecnologia : MPPTDisconnessione a bassa tensione (Gel, AGM, Liquido) : 11,2VTensione di carica target (Litio) : 14,4VRecupero dei volt di carica (Litio): 14VDisconnessione a bassa tensione (Litio): 10,6VRicollegamento a bassa tensione (Litio): 11,4VProtezione di carica 0\u00b0C (Litio) : S\u00ecCompensazione della temperatura: -4,17 mV\/K per cella (Appuntamento, uguale)   -3,33mV\/K per cella (galleggiante)Tipo di batteria: AGM, Liquida, Gel, Litio (default: AGM)Bluetooth: s\u00ecRitardo giorno\/notte: 0 minGamma di inseguimento MPPT: (Tensione della batteria + 1.0V) ~ Voc*0.9Temperatura ambiente : -35\u00b0C ~ +60\u00b0CFornito con istruzioniCertificazioni \/ approvazioni: compatibile con l&#8217;ambiente CE R10Garanzia: 24 mesi Caratteristiche : Tensione nominale: 12 VCorrente di carica massima: 10ATensione di boost (Gel, AGM, Liquido): 14,5VTensione uguale (Gel, AGM, Liquido): 14,8VTensione flottante (Gel, AGM, Liquido): 13,7VRiconnessione a bassa tensione (Gel, AGM, Liquido): 12VProtezione da sovratensione (Gel, AGM, Liquido): 15,5 VTensione massima della batteria: 25VTensione solare massima: 45VPotenza massima del pannello: 130WSoglia giorno\/notte: 5V \/ 10VCorrente di uscita: 10AAutoscarica: 6mADimensioni del prodotto (L x W x H): 85,8 x 81 x 23,1 mmPeso netto : 0,26KGTemperatura ambiente : -35\u00b0C ~ +60\u00b0CDimensioni del filo: 2,5 mm\u00b2 precablatoGrado di protezione IP: IP67<\/p>\n","protected":false},"excerpt":{"rendered":"<p>Ottieni il massimo dal tuo impianto solare grazie all&#8217;adeguamento automatico del punto di massima potenza. Considerazione dello stato di carica delle batterie. Indicatori LED di funzionamento.Sia che desideri equipaggiare il suo veicolo per il tempo libero con uno o pi\u00f9 pannelli solari, sia che ne abbia gi\u00e0 uno, un regolatore di carica solare \u00e8 necessario per completare la sua installazione fotovoltaica.Il regolatore di carica solare, noto anche come regolatore di carica solare, \u00e8 un piccolo dispositivo elettronico che viene posizionato tra il suo pannello solare e la batteria e che le permette di regolare la tensione del pannello solare in modo che venga distribuita alla batteria nel modo pi\u00f9 uniforme possibile. \u00c8 disponibile in una gamma di potenze per adattarsi alla sua installazione.Il marchio Eza offre una gamma completa di regolatori di carica solare dotati di tecnologia MPPT, che \u00e8 la tecnologia pi\u00f9 efficiente oggi disponibile.La tecnologia MPPT (Maximum Power Point Tracking) consente al pannello solare di funzionare alla sua tensione ottimale per ottenere la massima potenza. Ci\u00f2 significa che la tensione e la corrente prodotte dal\/i pannello\/i solare\/i cambiano in base ai livelli di luce durante il giorno. In media, la tecnologia MPPT \u00e8 pi\u00f9 efficiente del 30% rispetto alla tecnologia PWM convenzionale.Questa gamma comprende 4 regolatori di carica solare disponibili in 10A, 15A, 20A e 40A con 6 fili di uscita.Questi 4 regolatori sono tutti dotati di Bluetooth, per cui pu\u00f2 monitorare e controllare i vari dati del suo regolatore (tensione, corrente, ecc.) tramite l&#8217;applicazione per smartphone progettata appositamente per questa gamma di regolatori: My E-Solar.<\/p>\n","protected":false},"featured_media":2831,"template":"","meta":[],"product_brand":[579],"product_cat":[529],"product_tag":[],"class_list":{"0":"post-2167","1":"product","2":"type-product","3":"status-publish","4":"has-post-thumbnail","6":"product_brand-eza","7":"product_cat-regolatori-di-carica","9":"first","10":"outofstock","11":"taxable","12":"shipping-taxable","13":"purchasable","14":"product-type-simple"},"_links":{"self":[{"href":"https:\/\/www.monzacamper.it\/shop\/wp-json\/wp\/v2\/product\/2167","targetHints":{"allow":["GET"]}}],"collection":[{"href":"https:\/\/www.monzacamper.it\/shop\/wp-json\/wp\/v2\/product"}],"about":[{"href":"https:\/\/www.monzacamper.it\/shop\/wp-json\/wp\/v2\/types\/product"}],"wp:featuredmedia":[{"embeddable":true,"href":"https:\/\/www.monzacamper.it\/shop\/wp-json\/wp\/v2\/media\/2831"}],"wp:attachment":[{"href":"https:\/\/www.monzacamper.it\/shop\/wp-json\/wp\/v2\/media?parent=2167"}],"wp:term":[{"taxonomy":"product_brand","embeddable":true,"href":"https:\/\/www.monzacamper.it\/shop\/wp-json\/wp\/v2\/product_brand?post=2167"},{"taxonomy":"product_cat","embeddable":true,"href":"https:\/\/www.monzacamper.it\/shop\/wp-json\/wp\/v2\/product_cat?post=2167"},{"taxonomy":"product_tag","embeddable":true,"href":"https:\/\/www.monzacamper.it\/shop\/wp-json\/wp\/v2\/product_tag?post=2167"}],"curies":[{"name":"wp","href":"https:\/\/api.w.org\/{rel}","templated":true}]}}