{"id":2162,"date":"2025-07-15T08:28:38","date_gmt":"2025-07-15T08:28:38","guid":{"rendered":"https:\/\/www.monzacamper.it\/shop\/prodotto\/centrale-elettrica-power-e-1200\/"},"modified":"2026-04-04T01:37:51","modified_gmt":"2026-04-04T00:37:51","slug":"centrale-elettrica-power-e-1200","status":"publish","type":"product","link":"https:\/\/www.monzacamper.it\/shop\/prodotto\/centrale-elettrica-power-e-1200\/","title":{"rendered":"Centrale elettrica Power E1200"},"content":{"rendered":"<p>Capacit\u00e0: disponibile in 500W, 1200W, 2200W.Durata di vita: 4000 cicli.Porte di ricarica: 12V, 230V, prese USB-A, USB-C.Ricarica: Rete, pannello solare, veicolo.Regolatore solare: MPPT integrato.Display: LCD per il monitoraggio in tempo reale.Applicazione: Power Zero per la gestione remota.Funzione UPS: rel\u00e8 automatico in caso di interruzione di corrente. Caratteristiche :<\/p>\n","protected":false},"excerpt":{"rendered":"<p>Stazione elettrica Power-E: l&#8217;essenziale per i viaggi indipendentiPer gli esploratori moderni, la gamma di stazioni elettriche Power-E di Eza \u00e8 l&#8217;accessorio essenziale per tutti i viaggi in furgone, camper, caravan o anche a casa. Con modelli disponibili da 500W, 1200W e 2200W, queste stazioni elettriche portatili si adattano a tutte le sue esigenze di elettricit\u00e0, mantenendola Connect ovunque si trovi.Diversi wattaggi per soddisfare le sue esigenze, anche a casa suaLa serie Power-E le offre la libert\u00e0 di scegliere la potenza pi\u00f9 adatta alle sue esigenze. Che opti per il modello da 500W per i suoi piccoli dispositivi elettronici, per il modello da 1200W per un uso pi\u00f9 versatile o per il modello da 2200W per un maggiore fabbisogno energetico, trover\u00e0 la stazione perfettamente adatta alle sue esigenze. Inoltre, il modello da 2200W \u00e8 espandibile grazie all&#8217;estensione della batteria Power+, che le offre 2200W in pi\u00f9.Autonomia estesa e durata eccezionaleQualunque sia la capacit\u00e0 scelta, le Stazioni Elettriche Power-E sono costruite per durare. Con una durata stimata di 4.000 cicli, sono i suoi partner a lungo termine per tutti i suoi viaggi. Lo schermo LCD integrato le consente di monitorare il consumo energetico e il livello della batteria in tempo reale, garantendo una gestione ottimale della sua energia.Ricaricabile ovunque, facile da usareGrazie all&#8217;applicazione dedicata Power Zero, pu\u00f2 gestire facilmente il suo Power-E dal suo smartphone. Non solo pu\u00f2 monitorare il consumo energetico, ma pu\u00f2 anche regolare le impostazioni da remoto. Inoltre, il regolatore solare MPPT integrato ottimizza costantemente la produzione di elettricit\u00e0 del suo pannello solare, garantendo una ricarica rapida ed efficiente.Una soluzione per tutte le sue esigenze, anche a casa suaLe stazioni elettriche Power-E non sono progettate solo per viaggiare. Sono ideali anche per l&#8217;uso a casa, grazie alla funzione UPS, che subentra automaticamente in caso di interruzione di corrente, garantendo la continuit\u00e0 di alimentazione per i suoi elettrodomestici essenziali.<\/p>\n","protected":false},"featured_media":3356,"template":"","meta":[],"product_brand":[579],"product_cat":[526],"product_tag":[],"class_list":{"0":"post-2162","1":"product","2":"type-product","3":"status-publish","4":"has-post-thumbnail","6":"product_brand-eza","7":"product_cat-batterie-al-litio-portatile","8":"product_shipping_class-pacchi-pesanti-piu-2kg","10":"first","11":"instock","12":"taxable","13":"shipping-taxable","14":"purchasable","15":"product-type-simple"},"_links":{"self":[{"href":"https:\/\/www.monzacamper.it\/shop\/wp-json\/wp\/v2\/product\/2162","targetHints":{"allow":["GET"]}}],"collection":[{"href":"https:\/\/www.monzacamper.it\/shop\/wp-json\/wp\/v2\/product"}],"about":[{"href":"https:\/\/www.monzacamper.it\/shop\/wp-json\/wp\/v2\/types\/product"}],"wp:featuredmedia":[{"embeddable":true,"href":"https:\/\/www.monzacamper.it\/shop\/wp-json\/wp\/v2\/media\/3356"}],"wp:attachment":[{"href":"https:\/\/www.monzacamper.it\/shop\/wp-json\/wp\/v2\/media?parent=2162"}],"wp:term":[{"taxonomy":"product_brand","embeddable":true,"href":"https:\/\/www.monzacamper.it\/shop\/wp-json\/wp\/v2\/product_brand?post=2162"},{"taxonomy":"product_cat","embeddable":true,"href":"https:\/\/www.monzacamper.it\/shop\/wp-json\/wp\/v2\/product_cat?post=2162"},{"taxonomy":"product_tag","embeddable":true,"href":"https:\/\/www.monzacamper.it\/shop\/wp-json\/wp\/v2\/product_tag?post=2162"}],"curies":[{"name":"wp","href":"https:\/\/api.w.org\/{rel}","templated":true}]}}