{"id":2159,"date":"2025-07-15T08:28:37","date_gmt":"2025-07-15T08:28:37","guid":{"rendered":"https:\/\/www.monzacamper.it\/shop\/prodotto\/batteria-ausiliaria-gel-100ah-compatto\/"},"modified":"2026-04-04T01:37:51","modified_gmt":"2026-04-04T00:37:51","slug":"batteria-ausiliaria-gel-100ah-compatto","status":"publish","type":"product","link":"https:\/\/www.monzacamper.it\/shop\/prodotto\/batteria-ausiliaria-gel-100ah-compatto\/","title":{"rendered":"Batteria ausiliaria Gel 100Ah compatto"},"content":{"rendered":"<p>Tensione nominale: 12,8VTensione di fine carica: 13,8VAutoscarica a vuoto: Collegamento in parallelo: max. 4 unit\u00e0Collegamento in serie: max. 4 unit\u00e0Posizione \/ montaggio autorizzati: in piedi \/ sdraiatoTipo di installazione: InternoFornito con : Terminali + coprimorsetti + maniglie di trasporto Caratteristiche : Capacit\u00e0 nominale: 100AhDimensioni (L x L x A): 353 x 175 x 189 mmPeso: 28KGCorrente di carica massima consigliata: 27ACorrente di scarica massima di picco (3sec): 800A<\/p>\n","protected":false},"excerpt":{"rendered":"<p>Le batterie con tecnologia GEL sono ideali per l&#8217;uso quotidiano con cicli ripetitivi che comportano scariche lente e profonde di apparecchi elettrici come frigoriferi, illuminazione, riscaldamento, eccQueste batterie di servizio sono robuste e consentono tassi di scarica fino all&#8217;80% della capacit\u00e0 della batteria. Ci\u00f2 significa che pu\u00f2 sfruttare al massimo l&#8217;energia disponibile, con oltre il 40% di cicli in pi\u00f9 rispetto a una batteria AGM.Queste batterie sono sigillate (possono essere posizionate in posizione sdraiata) e non richiedono manutenzione, con un tasso di autoscarica molto basso: dall&#8217;1 al 3% al mese. Sono protette contro le variazioni di pressione e progettate per evitare l&#8217;accumulo di gas all&#8217;interno della batteria.Inoltre, la loro tecnologia con elettrolita gel le rende altamente resistenti alle basse temperature (ad esempio, le batterie inserite nel bagagliaio dell&#8217;auto), rendendole particolarmente adatte all&#8217;uso nel caravanning e negli sport invernali.Da utilizzare con un caricabatterie compatibile con i GEL.<\/p>\n","protected":false},"featured_media":2836,"template":"","meta":[],"product_brand":[579],"product_cat":[523,263,524],"product_tag":[],"class_list":{"0":"post-2159","1":"product","2":"type-product","3":"status-publish","4":"has-post-thumbnail","6":"product_brand-eza","7":"product_cat-agm","8":"product_cat-batterie-acido","9":"product_cat-gel","11":"first","12":"outofstock","13":"taxable","14":"shipping-taxable","15":"purchasable","16":"product-type-simple"},"_links":{"self":[{"href":"https:\/\/www.monzacamper.it\/shop\/wp-json\/wp\/v2\/product\/2159","targetHints":{"allow":["GET"]}}],"collection":[{"href":"https:\/\/www.monzacamper.it\/shop\/wp-json\/wp\/v2\/product"}],"about":[{"href":"https:\/\/www.monzacamper.it\/shop\/wp-json\/wp\/v2\/types\/product"}],"wp:featuredmedia":[{"embeddable":true,"href":"https:\/\/www.monzacamper.it\/shop\/wp-json\/wp\/v2\/media\/2836"}],"wp:attachment":[{"href":"https:\/\/www.monzacamper.it\/shop\/wp-json\/wp\/v2\/media?parent=2159"}],"wp:term":[{"taxonomy":"product_brand","embeddable":true,"href":"https:\/\/www.monzacamper.it\/shop\/wp-json\/wp\/v2\/product_brand?post=2159"},{"taxonomy":"product_cat","embeddable":true,"href":"https:\/\/www.monzacamper.it\/shop\/wp-json\/wp\/v2\/product_cat?post=2159"},{"taxonomy":"product_tag","embeddable":true,"href":"https:\/\/www.monzacamper.it\/shop\/wp-json\/wp\/v2\/product_tag?post=2159"}],"curies":[{"name":"wp","href":"https:\/\/api.w.org\/{rel}","templated":true}]}}