{"id":2054,"date":"2025-07-15T08:28:19","date_gmt":"2025-07-15T08:28:19","guid":{"rendered":"https:\/\/www.monzacamper.it\/shop\/prodotto\/thule-vent-crank-skylight-2\/"},"modified":"2026-04-04T01:37:56","modified_gmt":"2026-04-04T00:37:56","slug":"thule-vent-crank-skylight-2","status":"publish","type":"product","link":"https:\/\/www.monzacamper.it\/shop\/prodotto\/thule-vent-crank-skylight-2\/","title":{"rendered":"Thule Vent Crank Skylight"},"content":{"rendered":"<p>Con zanzariera e tenda oscurante. Viti non incluse.Taglio: 40 x 40 cm.Dimensioni esterne: 47,2 x 45,9 cm.Altezza dal tetto: 7,8 cm.Per uno spessore del tetto di 2,5 &#8211; 6 cm.Angolo di apertura massimo: 40\u00b0. Caratteristiche : Lascia passare la luce, ma non si pu\u00f2 vedere attraverso di essa.<\/p>\n","protected":false},"excerpt":{"rendered":"<p>Il lucernario Thule Vent \u00e8 l&#8217;accessorio ideale per fornire aria fresca istantanea.Per una prima installazione o per sostituire il vecchio lucernario, il modello Vent \u00e8 disponibile in bianco opaco o bianco traslucido (lascia passare la luce senza essere trasparente).Installato in camper, caravan, furgoni e van, si adatta a qualsiasi spessore del tetto, da 25 a 60 mm.\u00c8 sufficiente un semplice taglio di 40 cm x 40 cm per fissare la copertura interna alla parte esterna.L&#8217;obl\u00f2 pu\u00f2 essere aperto a manovella fino a 40\u00b0 ed \u00e8 dotato di un sistema di controtelaio interno che incorpora una zanzariera e una tenda oscurante per il massimo comfort giorno e notte.La sua forma ultrapiatta e aerodinamica riduce il carico del vento durante la guida, quindi c&#8217;\u00e8 meno rumore e meno rischio che si apra in caso di raffiche di vento.<\/p>\n","protected":false},"featured_media":2919,"template":"","meta":[],"product_brand":[572],"product_cat":[166],"product_tag":[],"class_list":{"0":"post-2054","1":"product","2":"type-product","3":"status-publish","4":"has-post-thumbnail","6":"product_brand-thule","7":"product_cat-lucernari","9":"first","10":"instock","11":"sale","12":"taxable","13":"shipping-taxable","14":"purchasable","15":"product-type-simple"},"_links":{"self":[{"href":"https:\/\/www.monzacamper.it\/shop\/wp-json\/wp\/v2\/product\/2054","targetHints":{"allow":["GET"]}}],"collection":[{"href":"https:\/\/www.monzacamper.it\/shop\/wp-json\/wp\/v2\/product"}],"about":[{"href":"https:\/\/www.monzacamper.it\/shop\/wp-json\/wp\/v2\/types\/product"}],"wp:featuredmedia":[{"embeddable":true,"href":"https:\/\/www.monzacamper.it\/shop\/wp-json\/wp\/v2\/media\/2919"}],"wp:attachment":[{"href":"https:\/\/www.monzacamper.it\/shop\/wp-json\/wp\/v2\/media?parent=2054"}],"wp:term":[{"taxonomy":"product_brand","embeddable":true,"href":"https:\/\/www.monzacamper.it\/shop\/wp-json\/wp\/v2\/product_brand?post=2054"},{"taxonomy":"product_cat","embeddable":true,"href":"https:\/\/www.monzacamper.it\/shop\/wp-json\/wp\/v2\/product_cat?post=2054"},{"taxonomy":"product_tag","embeddable":true,"href":"https:\/\/www.monzacamper.it\/shop\/wp-json\/wp\/v2\/product_tag?post=2054"}],"curies":[{"name":"wp","href":"https:\/\/api.w.org\/{rel}","templated":true}]}}