{"id":17849,"date":"2025-11-06T22:30:48","date_gmt":"2025-11-06T22:30:48","guid":{"rendered":"https:\/\/www.monzacamper.it\/shop\/prodotto\/tank-70\/"},"modified":"2026-03-12T23:30:32","modified_gmt":"2026-03-12T22:30:32","slug":"tank-70","status":"publish","type":"product","link":"https:\/\/www.monzacamper.it\/shop\/prodotto\/tank-70\/","title":{"rendered":"Tank 70"},"content":{"rendered":"<p>Serbatoio TANK 70L. In materiale per alimenti. Posizionamento verticale o orizzontale. Completo di raccordi per l&#8217;installazione. Capacit\u00e0 70L. Ingresso \u00d8 38 mm. Uscita \u00d8 13 mm.<\/p>\n","protected":false},"excerpt":{"rendered":"<p>Serbatoio TANK 70L. In materiale per alimenti. Posizionamento verticale o orizzontale. Completo di raccordi per l&#8217;installazione. Capacit\u00e0 70L. Ingresso \u00d8 38 mm. Uscita \u00d8 13 mm.<\/p>\n","protected":false},"featured_media":34151,"template":"","meta":[],"product_brand":[133],"product_cat":[1456],"product_tag":[1455],"class_list":{"0":"post-17849","1":"product","2":"type-product","3":"status-publish","4":"has-post-thumbnail","6":"product_brand-fiamma-s-p-a","7":"product_cat-acqua-serbatoi-serbatoi-fissi-in-polietilene","8":"product_tag-1455","10":"first","11":"instock","12":"taxable","13":"shipping-taxable","14":"purchasable","15":"product-type-simple"},"_links":{"self":[{"href":"https:\/\/www.monzacamper.it\/shop\/wp-json\/wp\/v2\/product\/17849","targetHints":{"allow":["GET"]}}],"collection":[{"href":"https:\/\/www.monzacamper.it\/shop\/wp-json\/wp\/v2\/product"}],"about":[{"href":"https:\/\/www.monzacamper.it\/shop\/wp-json\/wp\/v2\/types\/product"}],"wp:featuredmedia":[{"embeddable":true,"href":"https:\/\/www.monzacamper.it\/shop\/wp-json\/wp\/v2\/media\/34151"}],"wp:attachment":[{"href":"https:\/\/www.monzacamper.it\/shop\/wp-json\/wp\/v2\/media?parent=17849"}],"wp:term":[{"taxonomy":"product_brand","embeddable":true,"href":"https:\/\/www.monzacamper.it\/shop\/wp-json\/wp\/v2\/product_brand?post=17849"},{"taxonomy":"product_cat","embeddable":true,"href":"https:\/\/www.monzacamper.it\/shop\/wp-json\/wp\/v2\/product_cat?post=17849"},{"taxonomy":"product_tag","embeddable":true,"href":"https:\/\/www.monzacamper.it\/shop\/wp-json\/wp\/v2\/product_tag?post=17849"}],"curies":[{"name":"wp","href":"https:\/\/api.w.org\/{rel}","templated":true}]}}