{"id":13252,"date":"2025-11-06T22:01:14","date_gmt":"2025-11-06T22:01:14","guid":{"rendered":"https:\/\/www.monzacamper.it\/shop\/prodotto\/presa-esterna-gas-flessibile-400-mm\/"},"modified":"2026-03-12T23:46:56","modified_gmt":"2026-03-12T22:46:56","slug":"presa-esterna-gas-flessibile-400-mm","status":"publish","type":"product","link":"https:\/\/www.monzacamper.it\/shop\/prodotto\/presa-esterna-gas-flessibile-400-mm\/","title":{"rendered":"Presa esterna gas \u2022 flessibile \u2022 400 mm"},"content":{"rendered":"<p>Presa esterna gas con attacco rapido. Fornita con presa \u00d859 mm, attacco rapido e flessibile da 40 cm con raccordo per tubo in rame \u00d8 8 mm. Dimensioni incasso \u00d8 59 x 37 mm.<\/p>\n","protected":false},"excerpt":{"rendered":"<p>Presa esterna gas con attacco rapido. Fornita con presa \u00d859 mm, attacco rapido e flessibile da 40 cm con raccordo per tubo in rame \u00d8 8 mm. Dimensioni incasso \u00d8 59 x 37 mm.<\/p>\n","protected":false},"featured_media":35872,"template":"","meta":[],"product_brand":[],"product_cat":[1212],"product_tag":[598],"class_list":{"0":"post-13252","1":"product","2":"type-product","3":"status-publish","4":"has-post-thumbnail","6":"product_cat-interni-cucina-impianto-gas-prese-gpl","7":"product_tag-598","9":"first","10":"instock","11":"taxable","12":"shipping-taxable","13":"purchasable","14":"product-type-simple"},"_links":{"self":[{"href":"https:\/\/www.monzacamper.it\/shop\/wp-json\/wp\/v2\/product\/13252","targetHints":{"allow":["GET"]}}],"collection":[{"href":"https:\/\/www.monzacamper.it\/shop\/wp-json\/wp\/v2\/product"}],"about":[{"href":"https:\/\/www.monzacamper.it\/shop\/wp-json\/wp\/v2\/types\/product"}],"wp:featuredmedia":[{"embeddable":true,"href":"https:\/\/www.monzacamper.it\/shop\/wp-json\/wp\/v2\/media\/35872"}],"wp:attachment":[{"href":"https:\/\/www.monzacamper.it\/shop\/wp-json\/wp\/v2\/media?parent=13252"}],"wp:term":[{"taxonomy":"product_brand","embeddable":true,"href":"https:\/\/www.monzacamper.it\/shop\/wp-json\/wp\/v2\/product_brand?post=13252"},{"taxonomy":"product_cat","embeddable":true,"href":"https:\/\/www.monzacamper.it\/shop\/wp-json\/wp\/v2\/product_cat?post=13252"},{"taxonomy":"product_tag","embeddable":true,"href":"https:\/\/www.monzacamper.it\/shop\/wp-json\/wp\/v2\/product_tag?post=13252"}],"curies":[{"name":"wp","href":"https:\/\/api.w.org\/{rel}","templated":true}]}}